{"id":19813,"date":"2015-07-22T07:06:44","date_gmt":"2015-07-22T07:06:44","guid":{"rendered":"https:\/\/www.fattoriadeibarbi.it\/en\/?page_id=19813"},"modified":"2025-08-01T17:06:15","modified_gmt":"2025-08-01T17:06:15","slug":"brusco-dei-barbi-igt-toscana-rosso","status":"publish","type":"page","link":"https:\/\/www.fattoriadeibarbi.it\/en\/brusco-dei-barbi-igt-toscana-rosso\/","title":{"rendered":"BRUSCO DEI BARBI IGT TOSCANA ROSSO"},"content":{"rendered":"<p>[vc_row][vc_column][vc_column_text]<\/p>\r\n<p>[\/vc_column_text][vc_separator][\/vc_column][\/vc_row][vc_row][vc_column][vc_column_text]<\/p>\r\n<p>\r\n\r\n<br \/>[\/vc_column_text][\/vc_column][\/vc_row][vc_row][vc_column width=&#8221;1\/3&#8243;][vc_single_image image=&#8221;24675&#8243; img_size=&#8221;400&#215;611&#8243; alignment=&#8221;center&#8221; style=&#8221;vc_box_shadow_border&#8221; onclick=&#8221;custom_link&#8221; img_link_target=&#8221;_blank&#8221; link=&#8221;https:\/\/www.fattoriadeibarbi.it\/wp-content\/uploads\/2024\/08\/brusco-dei-barbi-igt-toscana-rossoE_compressed.pdf&#8221;][vc_row_inner][vc_column_inner][vc_btn title=&#8221;BUY NOW Bottle size Bordeaux style 0.75l&#8221; style=&#8221;classic&#8221; color=&#8221;mulled-wine&#8221; size=&#8221;lg&#8221; align=&#8221;center&#8221; i_icon_fontawesome=&#8221;fas fa-cart-arrow-down&#8221; button_block=&#8221;true&#8221; add_icon=&#8221;true&#8221; link=&#8221;url:https%3A%2F%2Fwww.fattoriadeibarbi.it%2Fen%2Fbuy-wines-direct%2F|target:_blank&#8221;][vc_column_text]<\/p>\r\n<hr \/>\r\n<p class=\"p2\" style=\"text-align: center;\"><a href=\"https:\/\/www.fattoriadeibarbi.it\/en\/brusco-dei-barbi-igt-toscana-rosso\/#1612863150420-670b3b6b-b614161549058132316154920251261615538293882\" target=\"_blank\" rel=\"noopener\"><strong>AWARDS<\/strong><\/a><\/p>\r\n<hr \/>\r\n<p>[\/vc_column_text][\/vc_column_inner][\/vc_row_inner][\/vc_column][vc_column width=&#8221;2\/3&#8243;][vc_tta_tabs][vc_tta_section title=&#8221;DESCRIPTION&#8221; tab_id=&#8221;1612863150356-4838bb6a-97f9161549058132316154920251261615538293882&#8243;][vc_column_text]<\/p>\r\n<h3><em>In 1969 Giovanni Colombini created this unusual red wine, after researching about ancient Tuscan ways of grape fermentation. Very long macerations revamped a particular red, made to be very refined even when very young, also able to age for long. It is a versatile wine, never excessive; a different approach to the Tuscan taste.<\/em><\/h3>\r\n<p><strong>Grape <\/strong>Sangiovese 90-90%, various red varietal for the remaining percentage.<\/p>\r\n<p><strong>Vineyards <\/strong>From our estate Fattoria dei Barbi, located in the district of Montalcino. <em>Soil<\/em>: marl and clay. <em>Altitude<\/em>: 400 m slm. <em>Average Age of Vines<\/em>: 15 years. <em>Orientation<\/em>: South West. <em>Vine Training System<\/em>: Cordone libero. <em>Vine Stock per Hectar<\/em>: 5.000.<\/p>\r\n<p><strong>Vinification and Ageing <\/strong>According to the seasonal development the grapes, once destemmed and crushed, undergo a colling process with e a drop in temperature down to 16\u00b0C in order to help the extraction of anthocyanins and polyphenols from the skins.and give more stability to the colour. The following alcoholic fermentation lasts 10\/12 days under a controlled temperature of 27-28\u00b0C. Ageing: stainless steel vats.<\/p>\r\n<p><strong>Sensory analysis <\/strong><em>Colour<\/em>: brilliant and lively ruby red. <em>Bouquet<\/em>: a bright fruit nose presents red berries and wild strawberries, enriched by subtle floral notes. <em>Taste<\/em>: supple on the palate, fresh-tasting and delightfully drinkable.<\/p>\r\n<p><strong>Pairing <\/strong>The versatility of the wine matches white meats, cured pork cuts, spicy saues, fresh cheeses and traditional pizzas.<\/p>\r\n<p><strong>Serving Temperature <\/strong>18\u00b0C.<\/p>\r\n<p><strong>Capacity of Ageing <\/strong>3-4 years.<\/p>\r\n<p><strong>Conservation and Storage <\/strong>Keep the bottle horizontally in a dark place at a temperature of 12\u00b0-14\u00b0C.<\/p>\r\n<p><strong>Enviromental Labeling<\/strong><\/p>\r\n<p><img loading=\"lazy\" decoding=\"async\" class=\"size-full wp-image-27018 alignleft\" src=\"https:\/\/www.fattoriadeibarbi.it\/wp-content\/uploads\/2023\/03\/etichettaturaambientalevino300ok.png\" alt=\"\" width=\"300\" height=\"88\" \/><\/p>\r\n<p>[\/vc_column_text][\/vc_tta_section][vc_tta_section title=&#8221;AWARDS&#8221; tab_id=&#8221;1612863150420-670b3b6b-b614161549058132316154920251261615538293882&#8243;][vc_column_text]<\/p>\r\n<p><a class=\"dt-pswp-item\" href=\"https:\/\/www.fattoriadeibarbi.it\/wp-content\/uploads\/2024\/10\/vinformateur-400-300x129.png\" data-dt-img-description=\"\" data-large_image_width=\"400\" data-large_image_height=\"172\"><img loading=\"lazy\" decoding=\"async\" class=\"alignnone size-medium wp-image-33943\" src=\"https:\/\/www.fattoriadeibarbi.it\/wp-content\/uploads\/2024\/10\/vinformateur-400-300x129.png\" alt=\"\" width=\"300\" height=\"129\" srcset=\"https:\/\/www.fattoriadeibarbi.it\/wp-content\/uploads\/2024\/10\/vinformateur-400-300x129.png 300w, https:\/\/www.fattoriadeibarbi.it\/wp-content\/uploads\/2024\/10\/vinformateur-400.png 400w\" sizes=\"(max-width: 300px) 100vw, 300px\" \/><\/a><\/p>\r\n<p>[\/vc_column_text][vc_column_text]<\/p>\r\n<div style=\"width: 100% !important; float: left;\">\r\n<p><strong><span style=\"color: #808080;\">Issue: September 29, 2024<\/span><\/strong><\/p>\r\n<p>Brusco dei Barbi, IGT Toscana Rosso, vin rouge, Fattoria dei Barbi, 2020, 20,65$, c\u00e9pages: Sangiovese 90 %, Merlot 10 %, sucre: 2.5 g\/l, alc.: 13.5%, code SAQ : 15217544<\/p>\r\n<p>Vinification-Ce vin ne touche pas le bois et est \u00e9lev\u00e9 dans de cuves inox pour pr\u00e9server les ar\u00f4mes et saveurs fruit\u00e9es.<\/p>\r\n<p>Notes de d\u00e9gustation &#8211; Notes de d\u00e9gustation \u2013 au nez Ce vin est d\u00e9finitivement facile \u00e0 boire et d\u2019une belle sapidit\u00e9. Au nez on sent une belle concentration de notes de cerises, de fruits rouges et d\u2019un soup\u00e7on d\u2019effluves florales et de m\u00fbres &#8211; Notes de d\u00e9gustation \u2013 en bouche En bouche les flaveurs de fruits rouges, de noyaux de cerises, de cerises au marasquin et d\u2019\u00e9pices douces se poursuivent de fa\u00e7on soutenue et sont soutenus par des tannins \u00e9quilibr\u00e9s, ronds. Belle fra\u00eecheur apport\u00e9e par une acidit\u00e9 assez pr\u00e9sente.<\/p>\r\n<p>Accords Vous ferez de beaux accords avec de la pizza, des mets italiens traditionnels tels osso bucco, p\u00e2tes sauce \u00e0 la viande.<\/p>\r\n<p>Prochain arrivage en novembre, 2024.<\/p>\r\n<\/div>\r\n<p>&nbsp;<\/p>\r\n<p><em>Claude Lelonde<br \/><\/em><\/p>\r\n<p><a href=\"https:\/\/www.fattoriadeibarbi.it\/wp-content\/uploads\/2024\/10\/Shelftalker_VinformateurBRUSCO2020.pdf\" target=\"_blank\" rel=\"noopener\"><img loading=\"lazy\" decoding=\"async\" class=\"alignright wp-image-26918 size-full\" src=\"https:\/\/www.fattoriadeibarbi.it\/wp-content\/uploads\/2022\/02\/50pdf.png\" alt=\"\" width=\"50\" height=\"48\" \/><\/a><\/p>\r\n<p>[\/vc_column_text][vc_empty_space][vc_column_text]<\/p>\r\n<p><a class=\"dt-pswp-item\" href=\"https:\/\/www.fattoriadeibarbi.it\/wp-content\/uploads\/2022\/06\/winespectator.png\" data-dt-img-description=\"\" data-large_image_width=\"287\" data-large_image_height=\"77\"><img loading=\"lazy\" decoding=\"async\" class=\"alignnone size-full wp-image-27629\" src=\"https:\/\/www.fattoriadeibarbi.it\/wp-content\/uploads\/2022\/06\/winespectator.png\" alt=\"\" width=\"287\" height=\"77\" \/><\/a><\/p>\r\n<p>[\/vc_column_text][vc_column_text]<\/p>\r\n<div style=\"width: 100% !important; float: left;\">\r\n<p><strong><span style=\"color: #808080;\">Issue: 2022<\/span><\/strong><br \/><strong><span style=\"color: #808080;\">Score:<\/span> <span style=\"color: #d01619; font-size: 24px;\">88<\/span><span style=\"color: #808080;\">\/100<\/span><\/strong><\/p>\r\n<p>BRUSCO DEI BARBI TOSCANA IGT <strong>2019<\/strong> A linear red, with a beam of bright cherry running through, flanked by earth and eucalyptus. Tightens up, tailing off a little on the finish. Sangiovese and Merlot. Best from 2023 through 2032.<\/p>\r\n<p><em>Bruce Sanderson<\/em><br \/><a href=\"https:\/\/www.fattoriadeibarbi.it\/wp-content\/uploads\/2023\/05\/Shelftalker_WSBRUSCO2019.pdf\" target=\"_blank\" rel=\"noopener\"><img loading=\"lazy\" decoding=\"async\" class=\"alignright wp-image-26918 size-full\" src=\"https:\/\/www.fattoriadeibarbi.it\/wp-content\/uploads\/2022\/02\/50pdf.png\" alt=\"\" width=\"50\" height=\"48\" \/><\/a><\/p>\r\n<\/div>\r\n<p>[\/vc_column_text][\/vc_tta_section][\/vc_tta_tabs][vc_column_text el_class=&#8221;link_scheda_vini&#8221;]<\/p>\r\n<hr \/>\r\n<p class=\"p1\"><span class=\"s2\"><a href=\"https:\/\/www.fattoriadeibarbi.it\/wp-content\/uploads\/2019\/04\/Fattoria-dei-Barbi-Brusco-dei-Barbi-IGT-Toscana-Rosso_etichetta.jpg\" target=\"_blank\" rel=\"noopener\">DOWNLOAD LABEL<\/a> | <a href=\"https:\/\/www.fattoriadeibarbi.it\/wp-content\/uploads\/2019\/04\/Fattoria-dei-Barbi-Brusco-dei-Barbi-IGT-Toscana-Rosso_compressed.jpg\">DOWNLOAD BOTTLE <\/a> | <a href=\"https:\/\/www.fattoriadeibarbi.it\/wp-content\/uploads\/2024\/08\/brusco-dei-barbi-igt-toscana-rossoE_compressed.pdf\" target=\"_blank\" rel=\"noopener\">DOWNLOAD TECHNICAL SHEET<\/a> | <a href=\"https:\/\/www.fattoriadeibarbi.it\/en\/brusco-dei-barbi-igt-toscana-rosso\/#1612863150420-670b3b6b-b614161549058132316154920251261615538293882\" target=\"_blank\" rel=\"noopener\">AWARDS<\/a><\/span><\/p>\r\n<hr \/>\r\n<p>[\/vc_column_text][\/vc_column][\/vc_row][vc_row][vc_column][vc_column_text]<br \/><\/p>\r\n<p><br \/>[\/vc_column_text][\/vc_column][\/vc_row][vc_row][vc_column][vc_column_text]<\/p>\r\n<p>[\/vc_column_text][\/vc_column][\/vc_row]<\/p>","protected":false},"excerpt":{"rendered":"<p>[vc_row][vc_column][vc_column_text] [\/vc_column_text][vc_separator][\/vc_column][\/vc_row][vc_row][vc_column][vc_column_text] [\/vc_column_text][\/vc_column][\/vc_row][vc_row][vc_column width=&#8221;1\/3&#8243;][vc_single_image image=&#8221;24675&#8243; img_size=&#8221;400&#215;611&#8243; alignment=&#8221;center&#8221; style=&#8221;vc_box_shadow_border&#8221; onclick=&#8221;custom_link&#8221; img_link_target=&#8221;_blank&#8221; link=&#8221;https:\/\/www.fattoriadeibarbi.it\/wp-content\/uploads\/2024\/08\/brusco-dei-barbi-igt-toscana-rossoE_compressed.pdf&#8221;][vc_row_inner][vc_column_inner][vc_btn title=&#8221;BUY NOW Bottle size Bordeaux style 0.75l&#8221; style=&#8221;classic&#8221; color=&#8221;mulled-wine&#8221; size=&#8221;lg&#8221; align=&#8221;center&#8221; i_icon_fontawesome=&#8221;fas fa-cart-arrow-down&#8221; button_block=&#8221;true&#8221; add_icon=&#8221;true&#8221; link=&#8221;url:https%3A%2F%2Fwww.fattoriadeibarbi.it%2Fen%2Fbuy-wines-direct%2F|target:_blank&#8221;][vc_column_text] AWARDS [\/vc_column_text][\/vc_column_inner][\/vc_row_inner][\/vc_column][vc_column width=&#8221;2\/3&#8243;][vc_tta_tabs][vc_tta_section title=&#8221;DESCRIPTION&#8221; tab_id=&#8221;1612863150356-4838bb6a-97f9161549058132316154920251261615538293882&#8243;][vc_column_text] In 1969 Giovanni Colombini created this unusual red wine, after researching about ancient Tuscan ways of grape fermentation. Very long macerations revamped a&hellip;<\/p>\n","protected":false},"author":1,"featured_media":0,"parent":0,"menu_order":0,"comment_status":"closed","ping_status":"closed","template":"","meta":{"footnotes":""},"yoast_head":"<!-- This site is optimized with the Yoast SEO plugin v22.8 - https:\/\/yoast.com\/wordpress\/plugins\/seo\/ -->\n<title>BRUSCO DEI BARBI IGT TOSCANA ROSSO - Fattoria dei Barbi<\/title>\n<meta name=\"robots\" content=\"index, follow, max-snippet:-1, max-image-preview:large, max-video-preview:-1\" \/>\n<link rel=\"canonical\" href=\"https:\/\/www.fattoriadeibarbi.it\/en\/brusco-dei-barbi-igt-toscana-rosso\/\" \/>\n<meta property=\"og:locale\" content=\"de_DE\" \/>\n<meta property=\"og:type\" content=\"article\" \/>\n<meta property=\"og:title\" content=\"BRUSCO DEI BARBI IGT TOSCANA ROSSO - Fattoria dei Barbi\" \/>\n<meta property=\"og:description\" content=\"[vc_row][vc_column][vc_column_text] [\/vc_column_text][vc_separator][\/vc_column][\/vc_row][vc_row][vc_column][vc_column_text] [\/vc_column_text][\/vc_column][\/vc_row][vc_row][vc_column width=&#8221;1\/3&#8243;][vc_single_image image=&#8221;24675&#8243; img_size=&#8221;400&#215;611&#8243; alignment=&#8221;center&#8221; style=&#8221;vc_box_shadow_border&#8221; onclick=&#8221;custom_link&#8221; img_link_target=&#8221;_blank&#8221; link=&#8221;https:\/\/www.fattoriadeibarbi.it\/wp-content\/uploads\/2024\/08\/brusco-dei-barbi-igt-toscana-rossoE_compressed.pdf&#8221;][vc_row_inner][vc_column_inner][vc_btn title=&#8221;BUY NOW Bottle size Bordeaux style 0.75l&#8221; style=&#8221;classic&#8221; color=&#8221;mulled-wine&#8221; size=&#8221;lg&#8221; align=&#8221;center&#8221; i_icon_fontawesome=&#8221;fas fa-cart-arrow-down&#8221; button_block=&#8221;true&#8221; add_icon=&#8221;true&#8221; link=&#8221;url:https%3A%2F%2Fwww.fattoriadeibarbi.it%2Fen%2Fbuy-wines-direct%2F|target:_blank&#8221;][vc_column_text] AWARDS [\/vc_column_text][\/vc_column_inner][\/vc_row_inner][\/vc_column][vc_column width=&#8221;2\/3&#8243;][vc_tta_tabs][vc_tta_section title=&#8221;DESCRIPTION&#8221; tab_id=&#8221;1612863150356-4838bb6a-97f9161549058132316154920251261615538293882&#8243;][vc_column_text] In 1969 Giovanni Colombini created this unusual red wine, after researching about ancient Tuscan ways of grape fermentation. Very long macerations revamped a&hellip;\" \/>\n<meta property=\"og:url\" content=\"https:\/\/www.fattoriadeibarbi.it\/en\/brusco-dei-barbi-igt-toscana-rosso\/\" \/>\n<meta property=\"og:site_name\" content=\"Fattoria dei Barbi\" \/>\n<meta property=\"article:publisher\" content=\"https:\/\/www.facebook.com\/FattoriadeiBarbi\" \/>\n<meta property=\"article:modified_time\" content=\"2025-08-01T17:06:15+00:00\" \/>\n<meta property=\"og:image\" content=\"https:\/\/www.fattoriadeibarbi.it\/wp-content\/uploads\/2023\/03\/etichettaturaambientalevino300ok.png\" \/>\n<meta name=\"twitter:card\" content=\"summary_large_image\" \/>\n<meta name=\"twitter:label1\" content=\"Est. reading time\" \/>\n\t<meta name=\"twitter:data1\" content=\"4 minutes\" \/>\n<script type=\"application\/ld+json\" class=\"yoast-schema-graph\">{\"@context\":\"https:\/\/schema.org\",\"@graph\":[{\"@type\":\"WebPage\",\"@id\":\"https:\/\/www.fattoriadeibarbi.it\/en\/brusco-dei-barbi-igt-toscana-rosso\/\",\"url\":\"https:\/\/www.fattoriadeibarbi.it\/en\/brusco-dei-barbi-igt-toscana-rosso\/\",\"name\":\"BRUSCO DEI BARBI IGT TOSCANA ROSSO - Fattoria dei Barbi\",\"isPartOf\":{\"@id\":\"https:\/\/www.fattoriadeibarbi.it\/#website\"},\"primaryImageOfPage\":{\"@id\":\"https:\/\/www.fattoriadeibarbi.it\/en\/brusco-dei-barbi-igt-toscana-rosso\/#primaryimage\"},\"image\":{\"@id\":\"https:\/\/www.fattoriadeibarbi.it\/en\/brusco-dei-barbi-igt-toscana-rosso\/#primaryimage\"},\"thumbnailUrl\":\"https:\/\/www.fattoriadeibarbi.it\/wp-content\/uploads\/2023\/03\/etichettaturaambientalevino300ok.png\",\"datePublished\":\"2015-07-22T07:06:44+00:00\",\"dateModified\":\"2025-08-01T17:06:15+00:00\",\"breadcrumb\":{\"@id\":\"https:\/\/www.fattoriadeibarbi.it\/en\/brusco-dei-barbi-igt-toscana-rosso\/#breadcrumb\"},\"inLanguage\":\"default\",\"potentialAction\":[{\"@type\":\"ReadAction\",\"target\":[\"https:\/\/www.fattoriadeibarbi.it\/en\/brusco-dei-barbi-igt-toscana-rosso\/\"]}]},{\"@type\":\"ImageObject\",\"inLanguage\":\"default\",\"@id\":\"https:\/\/www.fattoriadeibarbi.it\/en\/brusco-dei-barbi-igt-toscana-rosso\/#primaryimage\",\"url\":\"https:\/\/www.fattoriadeibarbi.it\/wp-content\/uploads\/2023\/03\/etichettaturaambientalevino300ok.png\",\"contentUrl\":\"https:\/\/www.fattoriadeibarbi.it\/wp-content\/uploads\/2023\/03\/etichettaturaambientalevino300ok.png\"},{\"@type\":\"BreadcrumbList\",\"@id\":\"https:\/\/www.fattoriadeibarbi.it\/en\/brusco-dei-barbi-igt-toscana-rosso\/#breadcrumb\",\"itemListElement\":[{\"@type\":\"ListItem\",\"position\":1,\"name\":\"Home\",\"item\":\"https:\/\/www.fattoriadeibarbi.it\/en\/\"},{\"@type\":\"ListItem\",\"position\":2,\"name\":\"BRUSCO DEI BARBI IGT TOSCANA ROSSO\"}]},{\"@type\":\"WebSite\",\"@id\":\"https:\/\/www.fattoriadeibarbi.it\/#website\",\"url\":\"https:\/\/www.fattoriadeibarbi.it\/\",\"name\":\"Fattoria dei Barbi\",\"description\":\"Brunello di Montalcino\",\"publisher\":{\"@id\":\"https:\/\/www.fattoriadeibarbi.it\/#organization\"},\"potentialAction\":[{\"@type\":\"SearchAction\",\"target\":{\"@type\":\"EntryPoint\",\"urlTemplate\":\"https:\/\/www.fattoriadeibarbi.it\/?s={search_term_string}\"},\"query-input\":\"required name=search_term_string\"}],\"inLanguage\":\"default\"},{\"@type\":\"Organization\",\"@id\":\"https:\/\/www.fattoriadeibarbi.it\/#organization\",\"name\":\"Fattoria dei Barbi\",\"url\":\"https:\/\/www.fattoriadeibarbi.it\/\",\"logo\":{\"@type\":\"ImageObject\",\"inLanguage\":\"default\",\"@id\":\"https:\/\/www.fattoriadeibarbi.it\/#\/schema\/logo\/image\/\",\"url\":\"https:\/\/www.fattoriadeibarbi.it\/wp-content\/uploads\/2015\/06\/logo_footer.png\",\"contentUrl\":\"https:\/\/www.fattoriadeibarbi.it\/wp-content\/uploads\/2015\/06\/logo_footer.png\",\"width\":132,\"height\":103,\"caption\":\"Fattoria dei Barbi\"},\"image\":{\"@id\":\"https:\/\/www.fattoriadeibarbi.it\/#\/schema\/logo\/image\/\"},\"sameAs\":[\"https:\/\/www.facebook.com\/FattoriadeiBarbi\",\"https:\/\/www.instagram.com\/fattoriadeibarbi\/\",\"https:\/\/www.youtube.com\/channel\/UCRaGGbUwb094EoWyWvlez-Q\"]}]}<\/script>\n<!-- \/ Yoast SEO plugin. -->","yoast_head_json":{"title":"BRUSCO DEI BARBI IGT TOSCANA ROSSO - Fattoria dei Barbi","robots":{"index":"index","follow":"follow","max-snippet":"max-snippet:-1","max-image-preview":"max-image-preview:large","max-video-preview":"max-video-preview:-1"},"canonical":"https:\/\/www.fattoriadeibarbi.it\/en\/brusco-dei-barbi-igt-toscana-rosso\/","og_locale":"de_DE","og_type":"article","og_title":"BRUSCO DEI BARBI IGT TOSCANA ROSSO - Fattoria dei Barbi","og_description":"[vc_row][vc_column][vc_column_text] [\/vc_column_text][vc_separator][\/vc_column][\/vc_row][vc_row][vc_column][vc_column_text] [\/vc_column_text][\/vc_column][\/vc_row][vc_row][vc_column width=&#8221;1\/3&#8243;][vc_single_image image=&#8221;24675&#8243; img_size=&#8221;400&#215;611&#8243; alignment=&#8221;center&#8221; style=&#8221;vc_box_shadow_border&#8221; onclick=&#8221;custom_link&#8221; img_link_target=&#8221;_blank&#8221; link=&#8221;https:\/\/www.fattoriadeibarbi.it\/wp-content\/uploads\/2024\/08\/brusco-dei-barbi-igt-toscana-rossoE_compressed.pdf&#8221;][vc_row_inner][vc_column_inner][vc_btn title=&#8221;BUY NOW Bottle size Bordeaux style 0.75l&#8221; style=&#8221;classic&#8221; color=&#8221;mulled-wine&#8221; size=&#8221;lg&#8221; align=&#8221;center&#8221; i_icon_fontawesome=&#8221;fas fa-cart-arrow-down&#8221; button_block=&#8221;true&#8221; add_icon=&#8221;true&#8221; link=&#8221;url:https%3A%2F%2Fwww.fattoriadeibarbi.it%2Fen%2Fbuy-wines-direct%2F|target:_blank&#8221;][vc_column_text] AWARDS [\/vc_column_text][\/vc_column_inner][\/vc_row_inner][\/vc_column][vc_column width=&#8221;2\/3&#8243;][vc_tta_tabs][vc_tta_section title=&#8221;DESCRIPTION&#8221; tab_id=&#8221;1612863150356-4838bb6a-97f9161549058132316154920251261615538293882&#8243;][vc_column_text] In 1969 Giovanni Colombini created this unusual red wine, after researching about ancient Tuscan ways of grape fermentation. Very long macerations revamped a&hellip;","og_url":"https:\/\/www.fattoriadeibarbi.it\/en\/brusco-dei-barbi-igt-toscana-rosso\/","og_site_name":"Fattoria dei Barbi","article_publisher":"https:\/\/www.facebook.com\/FattoriadeiBarbi","article_modified_time":"2025-08-01T17:06:15+00:00","og_image":[{"url":"https:\/\/www.fattoriadeibarbi.it\/wp-content\/uploads\/2023\/03\/etichettaturaambientalevino300ok.png"}],"twitter_card":"summary_large_image","twitter_misc":{"Est. reading time":"4 minutes"},"schema":{"@context":"https:\/\/schema.org","@graph":[{"@type":"WebPage","@id":"https:\/\/www.fattoriadeibarbi.it\/en\/brusco-dei-barbi-igt-toscana-rosso\/","url":"https:\/\/www.fattoriadeibarbi.it\/en\/brusco-dei-barbi-igt-toscana-rosso\/","name":"BRUSCO DEI BARBI IGT TOSCANA ROSSO - Fattoria dei Barbi","isPartOf":{"@id":"https:\/\/www.fattoriadeibarbi.it\/#website"},"primaryImageOfPage":{"@id":"https:\/\/www.fattoriadeibarbi.it\/en\/brusco-dei-barbi-igt-toscana-rosso\/#primaryimage"},"image":{"@id":"https:\/\/www.fattoriadeibarbi.it\/en\/brusco-dei-barbi-igt-toscana-rosso\/#primaryimage"},"thumbnailUrl":"https:\/\/www.fattoriadeibarbi.it\/wp-content\/uploads\/2023\/03\/etichettaturaambientalevino300ok.png","datePublished":"2015-07-22T07:06:44+00:00","dateModified":"2025-08-01T17:06:15+00:00","breadcrumb":{"@id":"https:\/\/www.fattoriadeibarbi.it\/en\/brusco-dei-barbi-igt-toscana-rosso\/#breadcrumb"},"inLanguage":"default","potentialAction":[{"@type":"ReadAction","target":["https:\/\/www.fattoriadeibarbi.it\/en\/brusco-dei-barbi-igt-toscana-rosso\/"]}]},{"@type":"ImageObject","inLanguage":"default","@id":"https:\/\/www.fattoriadeibarbi.it\/en\/brusco-dei-barbi-igt-toscana-rosso\/#primaryimage","url":"https:\/\/www.fattoriadeibarbi.it\/wp-content\/uploads\/2023\/03\/etichettaturaambientalevino300ok.png","contentUrl":"https:\/\/www.fattoriadeibarbi.it\/wp-content\/uploads\/2023\/03\/etichettaturaambientalevino300ok.png"},{"@type":"BreadcrumbList","@id":"https:\/\/www.fattoriadeibarbi.it\/en\/brusco-dei-barbi-igt-toscana-rosso\/#breadcrumb","itemListElement":[{"@type":"ListItem","position":1,"name":"Home","item":"https:\/\/www.fattoriadeibarbi.it\/en\/"},{"@type":"ListItem","position":2,"name":"BRUSCO DEI BARBI IGT TOSCANA ROSSO"}]},{"@type":"WebSite","@id":"https:\/\/www.fattoriadeibarbi.it\/#website","url":"https:\/\/www.fattoriadeibarbi.it\/","name":"Fattoria dei Barbi","description":"Brunello di Montalcino","publisher":{"@id":"https:\/\/www.fattoriadeibarbi.it\/#organization"},"potentialAction":[{"@type":"SearchAction","target":{"@type":"EntryPoint","urlTemplate":"https:\/\/www.fattoriadeibarbi.it\/?s={search_term_string}"},"query-input":"required name=search_term_string"}],"inLanguage":"default"},{"@type":"Organization","@id":"https:\/\/www.fattoriadeibarbi.it\/#organization","name":"Fattoria dei Barbi","url":"https:\/\/www.fattoriadeibarbi.it\/","logo":{"@type":"ImageObject","inLanguage":"default","@id":"https:\/\/www.fattoriadeibarbi.it\/#\/schema\/logo\/image\/","url":"https:\/\/www.fattoriadeibarbi.it\/wp-content\/uploads\/2015\/06\/logo_footer.png","contentUrl":"https:\/\/www.fattoriadeibarbi.it\/wp-content\/uploads\/2015\/06\/logo_footer.png","width":132,"height":103,"caption":"Fattoria dei Barbi"},"image":{"@id":"https:\/\/www.fattoriadeibarbi.it\/#\/schema\/logo\/image\/"},"sameAs":["https:\/\/www.facebook.com\/FattoriadeiBarbi","https:\/\/www.instagram.com\/fattoriadeibarbi\/","https:\/\/www.youtube.com\/channel\/UCRaGGbUwb094EoWyWvlez-Q"]}]}},"_links":{"self":[{"href":"https:\/\/www.fattoriadeibarbi.it\/en\/wp-json\/wp\/v2\/pages\/19813"}],"collection":[{"href":"https:\/\/www.fattoriadeibarbi.it\/en\/wp-json\/wp\/v2\/pages"}],"about":[{"href":"https:\/\/www.fattoriadeibarbi.it\/en\/wp-json\/wp\/v2\/types\/page"}],"author":[{"embeddable":true,"href":"https:\/\/www.fattoriadeibarbi.it\/en\/wp-json\/wp\/v2\/users\/1"}],"replies":[{"embeddable":true,"href":"https:\/\/www.fattoriadeibarbi.it\/en\/wp-json\/wp\/v2\/comments?post=19813"}],"version-history":[{"count":28,"href":"https:\/\/www.fattoriadeibarbi.it\/en\/wp-json\/wp\/v2\/pages\/19813\/revisions"}],"predecessor-version":[{"id":35565,"href":"https:\/\/www.fattoriadeibarbi.it\/en\/wp-json\/wp\/v2\/pages\/19813\/revisions\/35565"}],"wp:attachment":[{"href":"https:\/\/www.fattoriadeibarbi.it\/en\/wp-json\/wp\/v2\/media?parent=19813"}],"curies":[{"name":"wp","href":"https:\/\/api.w.org\/{rel}","templated":true}]}}