{"id":25274,"date":"2021-03-16T14:43:08","date_gmt":"2021-03-16T14:43:08","guid":{"rendered":"https:\/\/www.fattoriadeibarbi.it\/?page_id=25274"},"modified":"2025-01-08T18:11:20","modified_gmt":"2025-01-08T18:11:20","slug":"brunello-di-montalcino-docg-2016","status":"publish","type":"page","link":"https:\/\/www.fattoriadeibarbi.it\/en\/brunello-di-montalcino-docg-2016\/","title":{"rendered":"BRUNELLO DI MONTALCINO DOCG | 2016"},"content":{"rendered":"<p>[vc_row][vc_column][vc_column_text]<\/p>\r\n<p>[\/vc_column_text][vc_separator][\/vc_column][\/vc_row][vc_row][vc_column][vc_column_text]<\/p>\r\n\r\n<p>[\/vc_column_text][\/vc_column][\/vc_row][vc_row][vc_column width=&#8221;1\/3&#8243;][vc_single_image image=&#8221;25283&#8243; img_size=&#8221;400&#215;611&#8243; alignment=&#8221;center&#8221; style=&#8221;vc_box_shadow_border&#8221; onclick=&#8221;custom_link&#8221; img_link_target=&#8221;_blank&#8221; link=&#8221;https:\/\/www.fattoriadeibarbi.it\/wp-content\/uploads\/2021\/03\/brunello-di-montalcino-docg-2016E_compressed.pdf&#8221;][vc_row_inner][vc_column_inner][vc_column_text]<\/p>\r\n<hr \/>\r\n<p class=\"p2\" style=\"text-align: center;\"><strong>HARVEST<\/strong><\/p>\r\n<p class=\"p4\" style=\"text-align: center;\"><span class=\"s1\">\u2022 <a href=\"https:\/\/www.fattoriadeibarbi.it\/en\/brunello-di-montalcino-docg-2020\/\">2020<\/a> \u2022<\/span><\/p>\r\n<p class=\"p4\" style=\"text-align: center;\"><span class=\"s1\">\u2022 <a href=\"https:\/\/www.fattoriadeibarbi.it\/en\/brunello-di-montalcino-docg-2019\/\">2019<\/a> \u2022<\/span><\/p>\r\n<p class=\"p4\" style=\"text-align: center;\"><span class=\"s1\">\u2022 <a href=\"https:\/\/www.fattoriadeibarbi.it\/en\/brunello-di-montalcino-docg-2018\/\">2018<\/a> \u2022<\/span><\/p>\r\n<p class=\"p4\" style=\"text-align: center;\"><span class=\"s1\">\u2022 <a href=\"https:\/\/www.fattoriadeibarbi.it\/en\/brunello-di-montalcino-docg-2017\/\">2017<\/a> \u2022<\/span><\/p>\r\n<p class=\"p4\" style=\"text-align: center;\"><span class=\"s1\">\u2022 <a href=\"https:\/\/www.fattoriadeibarbi.it\/en\/brunello-di-montalcino-docg-2016\/\"><u>2016<\/u><\/a> \u2022<\/span><\/p>\r\n<p class=\"p4\" style=\"text-align: center;\"><span class=\"s1\">\u2022 <a href=\"https:\/\/www.fattoriadeibarbi.it\/en\/brunello-di-montalcino-docg-2015\/\">2015<\/a> \u2022<\/span><\/p>\r\n<p class=\"p4\" style=\"text-align: center;\"><span class=\"s1\">\u2022 <a href=\"https:\/\/www.fattoriadeibarbi.it\/en\/brunello-di-montalcino-docg-2014\/\">2014<\/a> \u2022<\/span><\/p>\r\n<p class=\"p4\" style=\"text-align: center;\"><span class=\"s1\">\u2022 <a href=\"https:\/\/www.fattoriadeibarbi.it\/en\/brunello-di-montalcino-docg-2013\/\">2013<\/a> \u2022<\/span><\/p>\r\n<p class=\"p4\" style=\"text-align: center;\"><span class=\"s1\">\u2022 <a href=\"https:\/\/www.fattoriadeibarbi.it\/en\/brunello-di-montalcino-docg-2012\/\">2012<\/a> \u2022<\/span><\/p>\r\n<p class=\"p4\" style=\"text-align: center;\"><span class=\"s1\">\u2022 <a href=\"https:\/\/www.fattoriadeibarbi.it\/en\/brunello-di-montalcino-docg-2011\/\">2011<\/a> \u2022<\/span><\/p>\r\n<p class=\"p4\" style=\"text-align: center;\"><span class=\"s1\">\u2022 <a href=\"https:\/\/www.fattoriadeibarbi.it\/en\/brunello-di-montalcino-docg-2010\/\">2010<\/a> \u2022<\/span><\/p>\r\n<p class=\"p4\" style=\"text-align: center;\"><span class=\"s1\">\u2022 <a href=\"https:\/\/www.fattoriadeibarbi.it\/en\/brunello-di-montalcino-docg-2009\/\">2009<\/a> \u2022<\/span><\/p>\r\n<hr \/>\r\n<p class=\"p2\" style=\"text-align: center;\"><a href=\"https:\/\/www.fattoriadeibarbi.it\/en\/brunello-di-montalcino-docg-2016\/#1612863150420-670b3b6b-b6141615490581323\" target=\"_blank\" rel=\"noopener\"><strong>AWARDS<\/strong><\/a><\/p>\r\n<hr \/>\r\n<p>[\/vc_column_text][\/vc_column_inner][\/vc_row_inner][\/vc_column][vc_column width=&#8221;2\/3&#8243;][vc_tta_tabs][vc_tta_section title=&#8221;DESCRIPTION&#8221; tab_id=&#8221;1612863150356-4838bb6a-97f91615490581323&#8243;][vc_column_text]<\/p>\r\n<h3><em>This red wine is produced since 1892 and was awarded many times for its quality. This wine is the \u201cheart\u201d of our production and it is made with 100% Sangiovese grapes from our best vineyards in Montalcino.<\/em><\/h3>\r\n<p><strong>Grapes <\/strong>Sangiovese 100%.<\/p>\r\n<p><strong>Vineyards <\/strong>Property of Fattoria dei Barbi, located in the district of Montalcino and registered for Brunello di Montalcino production.<em> Soil<\/em>: marl, alberese limestone. <em>Altitude<\/em>: 300-500 mt slm. <em>Average Age<\/em>: 15 \u2013 20 years. <em>Orientation<\/em>: South. <em>Vine Training System<\/em>: Cortina semplice. <em>Vine Stock per Hectar<\/em>: 5.000. <em>Yield per Hectar<\/em>: 65 ql.<\/p>\r\n<p><strong>The Year 2016 <\/strong>The 2016 harvest has given us great satisfaction.Thanks to the freshness of the Spring, with sparse and well distributed rains, and the hot and dry temperature in the Summer, the grapes could develop a balanced maturation. The first Autumn weeks were warm during the day and cool through the nights. That allowed us to bring in the cellar healthy grapes with an excellent concentration of aromas. <em>The harvest took place from September 20th and October 9th.<\/em><\/p>\r\n<p><strong>Vinification <\/strong>Before the fermentation the grapes were subjected to a cold pre-fermentative maceration which consists in cooling the grapes at a temperature of 16\u00b0 C in an environment protected by CO\u00b2. This process increases the extraction of polyphenols and aroma compounds. The regular alcoholic fermentation followed and lasted 16\/17 days at a controlled temperature of 27\u00b0-28\u00b0C. After the racking and the malolactic fermentation the wine aged in small-medium size oak barrels (2,25 \u2013 15 hl) for the first months. Later it completed the aging in larger oak barrels, for a total period of two years and then is bottled at least 4 months before the release.<\/p>\r\n<p><strong>Chemical analysis\u00a0<\/strong><em>Alcohol<\/em> 14.5% \u2013 <em>Tot. Ac.<\/em> 5.4 g\/l \u2013 <em>Vol. Ac.<\/em> 0.47 g\/l \u2013 <em>Residual sugars<\/em> &lt; 0.4 g\/l \u2013 <em>Dry Extract<\/em> 28.7 g\/l \u2013 <em>pH<\/em> 3.40.<\/p>\r\n<p><strong>Sensory analysis <\/strong><em>Colour<\/em>: brilliant and bright ruby red, medium intensity. <em>Bouquet<\/em>: red berry fruits, cherry, mint and rosehip. Light hints of wild fennel and sage.<em>Taste<\/em>: elegant, smooth with a pleasant spiciness. The sip is austere and aristocratic with an \u201cold style\u201d final. Good balance between acidity and tannin. A classic Brunello which reminds the Seventies productions.<\/p>\r\n<p><strong>Food Combination <\/strong>Perfect for important dishes, roasted or grilled red meats, game, venison, stewed wild boar. Excellent with mature cheeses.<\/p>\r\n<p><strong>Serving Temperature <\/strong>18\u00b0C.<\/p>\r\n<p><strong>Capacity of Ageing <\/strong>15-50 years.<\/p>\r\n<p><strong>Conservation and Storage <\/strong>Keep the bottle horizontally in a dark place at a temperature of 12\u00b0-14\u00b0C.<\/p>\r\n<p>[\/vc_column_text][\/vc_tta_section][vc_tta_section title=&#8221;AWARDS&#8221; tab_id=&#8221;1612863150420-670b3b6b-b6141615490581323&#8243;][vc_column_text]<\/p>\r\n<p><img loading=\"lazy\" decoding=\"async\" class=\"alignleft size-full wp-image-28313\" src=\"https:\/\/www.fattoriadeibarbi.it\/wp-content\/uploads\/2022\/11\/DWWA2021Silver.jpg\" alt=\"\" width=\"150\" height=\"150\" \/><\/p>\r\n<p>[\/vc_column_text][vc_column_text]<\/p>\r\n<div style=\"width: 100% !important; float: left;\">\r\n<p><strong><span style=\"color: #808080;\">Issue: July 7, 2021<\/span><\/strong><br \/><strong><span style=\"color: #808080;\">Score:<\/span> <span style=\"color: #d01619; font-size: 24px;\">93<\/span><\/strong><\/p>\r\n<blockquote>\r\n<p>Intense nose of red cherries, cedar wood toast and blonde tobacco. Firm structure with great freshness, and savory aftertaste.<\/p>\r\n<p><a href=\"https:\/\/www.fattoriadeibarbi.it\/wp-content\/uploads\/2022\/11\/Shelftalker_DWWA21BR16.pdf\" target=\"_blank\" rel=\"noopener\"><img loading=\"lazy\" decoding=\"async\" class=\"alignright wp-image-26918 size-full\" src=\"https:\/\/www.fattoriadeibarbi.it\/wp-content\/uploads\/2022\/02\/50pdf.png\" alt=\"\" width=\"50\" height=\"48\" \/><\/a><\/p>\r\n<\/blockquote>\r\n<\/div>\r\n<p>[\/vc_column_text][vc_empty_space][vc_column_text]<\/p>\r\n<p><img loading=\"lazy\" decoding=\"async\" class=\"alignleft size-full wp-image-29293\" src=\"https:\/\/www.fattoriadeibarbi.it\/wp-content\/uploads\/2023\/04\/jdunnuck287.png\" alt=\"\" width=\"287\" height=\"32\" \/><\/p>\r\n<p>[\/vc_column_text][vc_column_text]<\/p>\r\n<div style=\"width: 100% !important; float: left;\">\r\n<p><strong><span style=\"color: #808080;\">Issue: March 4, 2021<\/span><\/strong><br \/><strong><span style=\"color: #808080;\">Score:<\/span> <span style=\"color: #d01619; font-size: 24px;\">95<\/span><\/strong><\/p>\r\n<blockquote>\r\n<p>The 2016 Brunello has delicate savory aromas of rosemary, dried raspberry, and floral forest floor. There is freshness and pure ripe fruit that fills the palate, with blood orange, dried red cherry, and fresh tomato leaf as well as classic, angular tannin structure and a pleasant light bitterness. This wonderfully expressed traditional wine will be prime for enjoyment over the next 15 years. 2021\u20132036.<\/p>\r\n<p><em>Jeb Dunnuck<\/em><\/p>\r\n<p><a href=\"https:\/\/www.fattoriadeibarbi.it\/wp-content\/uploads\/2023\/05\/Shelftalker_JebDunnuckBR2016.pdf\" target=\"_blank\" rel=\"noopener\"><img loading=\"lazy\" decoding=\"async\" class=\"alignright wp-image-26918 size-full\" src=\"https:\/\/www.fattoriadeibarbi.it\/wp-content\/uploads\/2022\/02\/50pdf.png\" alt=\"\" width=\"50\" height=\"48\" \/><\/a><\/p>\r\n<\/blockquote>\r\n<\/div>\r\n<p>[\/vc_column_text][vc_empty_space][vc_column_text]<\/p>\r\n<p><a class=\"dt-pswp-item\" href=\"https:\/\/www.fattoriadeibarbi.it\/wp-content\/uploads\/2023\/05\/weinplus300.jpg\" data-dt-img-description=\"\" data-large_image_width=\"300\" data-large_image_height=\"134\"><img loading=\"lazy\" decoding=\"async\" class=\"alignnone size-full wp-image-29939\" src=\"https:\/\/www.fattoriadeibarbi.it\/wp-content\/uploads\/2023\/05\/weinplus300.jpg\" alt=\"\" width=\"300\" height=\"134\" \/><\/a><\/p>\r\n<p>[\/vc_column_text][vc_column_text]<\/p>\r\n<div style=\"width: 100% !important; float: left;\">\r\n<p><strong><span style=\"color: #808080;\">Issue: March 31, 2021<\/span><\/strong><br \/><strong><span style=\"color: #808080;\">Score:<\/span> <span style=\"color: #d01619; font-size: 24px;\">91<\/span><\/strong><\/p>\r\n<blockquote>\r\n<div class=\"wine-review-txt\">\r\n<p>Tiefer, fleischiger, etwas zedriger, teeriger und tabakiger Duft nach reifen roten und schwarzen Beeren mit getrocknet-floralen Nuancen und kr\u00e4uterigen Ankl\u00e4ngen. Reife, teils eingemacht wirkende Frucht, schokoladige und eine Spur ledrige und tabakige Holzaromen, recht m\u00fcrbes Tannin, etwas Biss, sp\u00fcrbare Mineralik, gute Substanz und Nachhaltigkeit, rauchige Ankl\u00e4nge, gewisse Tiefe, sehr guter, recht fester, sich dann \u00f6ffnender und weicher werdender, saftiger und herb-w\u00fcrziger, auch salziger Abgang. <span class=\"role-title\">Trinkempfehlung: <b class=\"paywall_263897\"> 2023-2032+. <\/b><\/span><span class=\"role-title right\">Zuletzt bewertet: <b>31. M\u00e4rz 2021<\/b> <\/span><\/p>\r\n<div class=\"wine-review-txt\">\r\n<p><em><span class=\"role-title right\">\u00a0<\/span><\/em><\/p>\r\n<\/div>\r\n<\/div>\r\n<p><em><a href=\"https:\/\/www.fattoriadeibarbi.it\/wp-content\/uploads\/2023\/05\/Shelftalker_WPlusBR2016.pdf\" target=\"_blank\" rel=\"noopener\"><img loading=\"lazy\" decoding=\"async\" class=\"alignright wp-image-26918 size-full\" src=\"https:\/\/www.fattoriadeibarbi.it\/wp-content\/uploads\/2022\/02\/50pdf.png\" alt=\"\" width=\"50\" height=\"48\" \/><\/a><\/em><\/p>\r\n<\/blockquote>\r\n<\/div>\r\n<p>[\/vc_column_text][\/vc_tta_section][\/vc_tta_tabs][vc_column_text el_class=&#8221;link_scheda_vini&#8221;]<\/p>\r\n<hr \/>\r\n<p class=\"p1\"><span class=\"s2\"><a href=\"https:\/\/www.fattoriadeibarbi.it\/wp-content\/uploads\/2019\/04\/Fattoria-dei-Barbi-Brunello-di-Montalcino-DOCG_etichetta.jpg\">DOWNLOAD LABEL<\/a> | <a href=\"https:\/\/www.fattoriadeibarbi.it\/wp-content\/uploads\/2021\/03\/Fattoria-dei-Barbi-Brunello-di-Montalcino-DOCG-2016_compressed-scaled.jpg\">DOWNLOAD BOTTLE <\/a> | <a href=\"https:\/\/www.fattoriadeibarbi.it\/wp-content\/uploads\/2021\/03\/brunello-di-montalcino-docg-2016E_compressed.pdf\">DOWNLOAD TECHNICAL SHEET<\/a> | <a href=\"https:\/\/www.fattoriadeibarbi.it\/en\/brunello-di-montalcino-docg-2016\/#1612863150420-670b3b6b-b6141615490581323\" target=\"_blank\" rel=\"noopener\">AWARDS<\/a><\/span><\/p>\r\n<hr \/>\r\n<p>[\/vc_column_text][\/vc_column][\/vc_row][vc_row][vc_column][vc_column_text]<\/p>\r\n\r\n<p>[\/vc_column_text][\/vc_column][\/vc_row][vc_row][vc_column][vc_column_text]<\/p>\r\n<p>[\/vc_column_text][\/vc_column][\/vc_row]<\/p>","protected":false},"excerpt":{"rendered":"<p>[vc_row][vc_column][vc_column_text] [\/vc_column_text][vc_separator][\/vc_column][\/vc_row][vc_row][vc_column][vc_column_text] [\/vc_column_text][\/vc_column][\/vc_row][vc_row][vc_column width=&#8221;1\/3&#8243;][vc_single_image image=&#8221;25283&#8243; img_size=&#8221;400&#215;611&#8243; alignment=&#8221;center&#8221; style=&#8221;vc_box_shadow_border&#8221; onclick=&#8221;custom_link&#8221; img_link_target=&#8221;_blank&#8221; link=&#8221;https:\/\/www.fattoriadeibarbi.it\/wp-content\/uploads\/2021\/03\/brunello-di-montalcino-docg-2016E_compressed.pdf&#8221;][vc_row_inner][vc_column_inner][vc_column_text] HARVEST \u2022 2020 \u2022 \u2022 2019 \u2022 \u2022 2018 \u2022 \u2022 2017 \u2022 \u2022 2016 \u2022 \u2022 2015 \u2022 \u2022 2014 \u2022 \u2022 2013 \u2022 \u2022 2012 \u2022 \u2022 2011 \u2022 \u2022 2010 \u2022 \u2022 2009 \u2022 AWARDS [\/vc_column_text][\/vc_column_inner][\/vc_row_inner][\/vc_column][vc_column width=&#8221;2\/3&#8243;][vc_tta_tabs][vc_tta_section title=&#8221;DESCRIPTION&#8221; tab_id=&#8221;1612863150356-4838bb6a-97f91615490581323&#8243;][vc_column_text] This red&hellip;<\/p>\n","protected":false},"author":1,"featured_media":0,"parent":0,"menu_order":0,"comment_status":"closed","ping_status":"closed","template":"","meta":{"footnotes":""},"yoast_head":"<!-- This site is optimized with the Yoast SEO plugin v22.8 - https:\/\/yoast.com\/wordpress\/plugins\/seo\/ -->\n<title>BRUNELLO DI MONTALCINO DOCG | 2016 - Fattoria dei Barbi<\/title>\n<meta name=\"robots\" content=\"index, follow, max-snippet:-1, max-image-preview:large, max-video-preview:-1\" \/>\n<link rel=\"canonical\" href=\"https:\/\/www.fattoriadeibarbi.it\/en\/brunello-di-montalcino-docg-2016\/\" \/>\n<meta property=\"og:locale\" content=\"de_DE\" \/>\n<meta property=\"og:type\" content=\"article\" \/>\n<meta property=\"og:title\" content=\"BRUNELLO DI MONTALCINO DOCG | 2016 - Fattoria dei Barbi\" \/>\n<meta property=\"og:description\" content=\"[vc_row][vc_column][vc_column_text] [\/vc_column_text][vc_separator][\/vc_column][\/vc_row][vc_row][vc_column][vc_column_text] [\/vc_column_text][\/vc_column][\/vc_row][vc_row][vc_column width=&#8221;1\/3&#8243;][vc_single_image image=&#8221;25283&#8243; img_size=&#8221;400&#215;611&#8243; alignment=&#8221;center&#8221; style=&#8221;vc_box_shadow_border&#8221; onclick=&#8221;custom_link&#8221; img_link_target=&#8221;_blank&#8221; link=&#8221;https:\/\/www.fattoriadeibarbi.it\/wp-content\/uploads\/2021\/03\/brunello-di-montalcino-docg-2016E_compressed.pdf&#8221;][vc_row_inner][vc_column_inner][vc_column_text] HARVEST \u2022 2020 \u2022 \u2022 2019 \u2022 \u2022 2018 \u2022 \u2022 2017 \u2022 \u2022 2016 \u2022 \u2022 2015 \u2022 \u2022 2014 \u2022 \u2022 2013 \u2022 \u2022 2012 \u2022 \u2022 2011 \u2022 \u2022 2010 \u2022 \u2022 2009 \u2022 AWARDS [\/vc_column_text][\/vc_column_inner][\/vc_row_inner][\/vc_column][vc_column width=&#8221;2\/3&#8243;][vc_tta_tabs][vc_tta_section title=&#8221;DESCRIPTION&#8221; tab_id=&#8221;1612863150356-4838bb6a-97f91615490581323&#8243;][vc_column_text] This red&hellip;\" \/>\n<meta property=\"og:url\" content=\"https:\/\/www.fattoriadeibarbi.it\/en\/brunello-di-montalcino-docg-2016\/\" \/>\n<meta property=\"og:site_name\" content=\"Fattoria dei Barbi\" \/>\n<meta property=\"article:publisher\" content=\"https:\/\/www.facebook.com\/FattoriadeiBarbi\" \/>\n<meta property=\"article:modified_time\" content=\"2025-01-08T18:11:20+00:00\" \/>\n<meta property=\"og:image\" content=\"https:\/\/www.fattoriadeibarbi.it\/wp-content\/uploads\/2022\/11\/DWWA2021Silver.jpg\" \/>\n<meta name=\"twitter:card\" content=\"summary_large_image\" \/>\n<meta name=\"twitter:label1\" content=\"Est. reading time\" \/>\n\t<meta name=\"twitter:data1\" content=\"4 minutes\" \/>\n<script type=\"application\/ld+json\" class=\"yoast-schema-graph\">{\"@context\":\"https:\/\/schema.org\",\"@graph\":[{\"@type\":\"WebPage\",\"@id\":\"https:\/\/www.fattoriadeibarbi.it\/en\/brunello-di-montalcino-docg-2016\/\",\"url\":\"https:\/\/www.fattoriadeibarbi.it\/en\/brunello-di-montalcino-docg-2016\/\",\"name\":\"BRUNELLO DI MONTALCINO DOCG | 2016 - Fattoria dei Barbi\",\"isPartOf\":{\"@id\":\"https:\/\/www.fattoriadeibarbi.it\/#website\"},\"primaryImageOfPage\":{\"@id\":\"https:\/\/www.fattoriadeibarbi.it\/en\/brunello-di-montalcino-docg-2016\/#primaryimage\"},\"image\":{\"@id\":\"https:\/\/www.fattoriadeibarbi.it\/en\/brunello-di-montalcino-docg-2016\/#primaryimage\"},\"thumbnailUrl\":\"https:\/\/www.fattoriadeibarbi.it\/wp-content\/uploads\/2022\/11\/DWWA2021Silver.jpg\",\"datePublished\":\"2021-03-16T14:43:08+00:00\",\"dateModified\":\"2025-01-08T18:11:20+00:00\",\"breadcrumb\":{\"@id\":\"https:\/\/www.fattoriadeibarbi.it\/en\/brunello-di-montalcino-docg-2016\/#breadcrumb\"},\"inLanguage\":\"default\",\"potentialAction\":[{\"@type\":\"ReadAction\",\"target\":[\"https:\/\/www.fattoriadeibarbi.it\/en\/brunello-di-montalcino-docg-2016\/\"]}]},{\"@type\":\"ImageObject\",\"inLanguage\":\"default\",\"@id\":\"https:\/\/www.fattoriadeibarbi.it\/en\/brunello-di-montalcino-docg-2016\/#primaryimage\",\"url\":\"https:\/\/www.fattoriadeibarbi.it\/wp-content\/uploads\/2022\/11\/DWWA2021Silver.jpg\",\"contentUrl\":\"https:\/\/www.fattoriadeibarbi.it\/wp-content\/uploads\/2022\/11\/DWWA2021Silver.jpg\"},{\"@type\":\"BreadcrumbList\",\"@id\":\"https:\/\/www.fattoriadeibarbi.it\/en\/brunello-di-montalcino-docg-2016\/#breadcrumb\",\"itemListElement\":[{\"@type\":\"ListItem\",\"position\":1,\"name\":\"Home\",\"item\":\"https:\/\/www.fattoriadeibarbi.it\/en\/\"},{\"@type\":\"ListItem\",\"position\":2,\"name\":\"BRUNELLO DI MONTALCINO DOCG | 2016\"}]},{\"@type\":\"WebSite\",\"@id\":\"https:\/\/www.fattoriadeibarbi.it\/#website\",\"url\":\"https:\/\/www.fattoriadeibarbi.it\/\",\"name\":\"Fattoria dei Barbi\",\"description\":\"Brunello di Montalcino\",\"publisher\":{\"@id\":\"https:\/\/www.fattoriadeibarbi.it\/#organization\"},\"potentialAction\":[{\"@type\":\"SearchAction\",\"target\":{\"@type\":\"EntryPoint\",\"urlTemplate\":\"https:\/\/www.fattoriadeibarbi.it\/?s={search_term_string}\"},\"query-input\":\"required name=search_term_string\"}],\"inLanguage\":\"default\"},{\"@type\":\"Organization\",\"@id\":\"https:\/\/www.fattoriadeibarbi.it\/#organization\",\"name\":\"Fattoria dei Barbi\",\"url\":\"https:\/\/www.fattoriadeibarbi.it\/\",\"logo\":{\"@type\":\"ImageObject\",\"inLanguage\":\"default\",\"@id\":\"https:\/\/www.fattoriadeibarbi.it\/#\/schema\/logo\/image\/\",\"url\":\"https:\/\/www.fattoriadeibarbi.it\/wp-content\/uploads\/2015\/06\/logo_footer.png\",\"contentUrl\":\"https:\/\/www.fattoriadeibarbi.it\/wp-content\/uploads\/2015\/06\/logo_footer.png\",\"width\":132,\"height\":103,\"caption\":\"Fattoria dei Barbi\"},\"image\":{\"@id\":\"https:\/\/www.fattoriadeibarbi.it\/#\/schema\/logo\/image\/\"},\"sameAs\":[\"https:\/\/www.facebook.com\/FattoriadeiBarbi\",\"https:\/\/www.instagram.com\/fattoriadeibarbi\/\",\"https:\/\/www.youtube.com\/channel\/UCRaGGbUwb094EoWyWvlez-Q\"]}]}<\/script>\n<!-- \/ Yoast SEO plugin. -->","yoast_head_json":{"title":"BRUNELLO DI MONTALCINO DOCG | 2016 - Fattoria dei Barbi","robots":{"index":"index","follow":"follow","max-snippet":"max-snippet:-1","max-image-preview":"max-image-preview:large","max-video-preview":"max-video-preview:-1"},"canonical":"https:\/\/www.fattoriadeibarbi.it\/en\/brunello-di-montalcino-docg-2016\/","og_locale":"de_DE","og_type":"article","og_title":"BRUNELLO DI MONTALCINO DOCG | 2016 - Fattoria dei Barbi","og_description":"[vc_row][vc_column][vc_column_text] [\/vc_column_text][vc_separator][\/vc_column][\/vc_row][vc_row][vc_column][vc_column_text] [\/vc_column_text][\/vc_column][\/vc_row][vc_row][vc_column width=&#8221;1\/3&#8243;][vc_single_image image=&#8221;25283&#8243; img_size=&#8221;400&#215;611&#8243; alignment=&#8221;center&#8221; style=&#8221;vc_box_shadow_border&#8221; onclick=&#8221;custom_link&#8221; img_link_target=&#8221;_blank&#8221; link=&#8221;https:\/\/www.fattoriadeibarbi.it\/wp-content\/uploads\/2021\/03\/brunello-di-montalcino-docg-2016E_compressed.pdf&#8221;][vc_row_inner][vc_column_inner][vc_column_text] HARVEST \u2022 2020 \u2022 \u2022 2019 \u2022 \u2022 2018 \u2022 \u2022 2017 \u2022 \u2022 2016 \u2022 \u2022 2015 \u2022 \u2022 2014 \u2022 \u2022 2013 \u2022 \u2022 2012 \u2022 \u2022 2011 \u2022 \u2022 2010 \u2022 \u2022 2009 \u2022 AWARDS [\/vc_column_text][\/vc_column_inner][\/vc_row_inner][\/vc_column][vc_column width=&#8221;2\/3&#8243;][vc_tta_tabs][vc_tta_section title=&#8221;DESCRIPTION&#8221; tab_id=&#8221;1612863150356-4838bb6a-97f91615490581323&#8243;][vc_column_text] This red&hellip;","og_url":"https:\/\/www.fattoriadeibarbi.it\/en\/brunello-di-montalcino-docg-2016\/","og_site_name":"Fattoria dei Barbi","article_publisher":"https:\/\/www.facebook.com\/FattoriadeiBarbi","article_modified_time":"2025-01-08T18:11:20+00:00","og_image":[{"url":"https:\/\/www.fattoriadeibarbi.it\/wp-content\/uploads\/2022\/11\/DWWA2021Silver.jpg"}],"twitter_card":"summary_large_image","twitter_misc":{"Est. reading time":"4 minutes"},"schema":{"@context":"https:\/\/schema.org","@graph":[{"@type":"WebPage","@id":"https:\/\/www.fattoriadeibarbi.it\/en\/brunello-di-montalcino-docg-2016\/","url":"https:\/\/www.fattoriadeibarbi.it\/en\/brunello-di-montalcino-docg-2016\/","name":"BRUNELLO DI MONTALCINO DOCG | 2016 - Fattoria dei Barbi","isPartOf":{"@id":"https:\/\/www.fattoriadeibarbi.it\/#website"},"primaryImageOfPage":{"@id":"https:\/\/www.fattoriadeibarbi.it\/en\/brunello-di-montalcino-docg-2016\/#primaryimage"},"image":{"@id":"https:\/\/www.fattoriadeibarbi.it\/en\/brunello-di-montalcino-docg-2016\/#primaryimage"},"thumbnailUrl":"https:\/\/www.fattoriadeibarbi.it\/wp-content\/uploads\/2022\/11\/DWWA2021Silver.jpg","datePublished":"2021-03-16T14:43:08+00:00","dateModified":"2025-01-08T18:11:20+00:00","breadcrumb":{"@id":"https:\/\/www.fattoriadeibarbi.it\/en\/brunello-di-montalcino-docg-2016\/#breadcrumb"},"inLanguage":"default","potentialAction":[{"@type":"ReadAction","target":["https:\/\/www.fattoriadeibarbi.it\/en\/brunello-di-montalcino-docg-2016\/"]}]},{"@type":"ImageObject","inLanguage":"default","@id":"https:\/\/www.fattoriadeibarbi.it\/en\/brunello-di-montalcino-docg-2016\/#primaryimage","url":"https:\/\/www.fattoriadeibarbi.it\/wp-content\/uploads\/2022\/11\/DWWA2021Silver.jpg","contentUrl":"https:\/\/www.fattoriadeibarbi.it\/wp-content\/uploads\/2022\/11\/DWWA2021Silver.jpg"},{"@type":"BreadcrumbList","@id":"https:\/\/www.fattoriadeibarbi.it\/en\/brunello-di-montalcino-docg-2016\/#breadcrumb","itemListElement":[{"@type":"ListItem","position":1,"name":"Home","item":"https:\/\/www.fattoriadeibarbi.it\/en\/"},{"@type":"ListItem","position":2,"name":"BRUNELLO DI MONTALCINO DOCG | 2016"}]},{"@type":"WebSite","@id":"https:\/\/www.fattoriadeibarbi.it\/#website","url":"https:\/\/www.fattoriadeibarbi.it\/","name":"Fattoria dei Barbi","description":"Brunello di Montalcino","publisher":{"@id":"https:\/\/www.fattoriadeibarbi.it\/#organization"},"potentialAction":[{"@type":"SearchAction","target":{"@type":"EntryPoint","urlTemplate":"https:\/\/www.fattoriadeibarbi.it\/?s={search_term_string}"},"query-input":"required name=search_term_string"}],"inLanguage":"default"},{"@type":"Organization","@id":"https:\/\/www.fattoriadeibarbi.it\/#organization","name":"Fattoria dei Barbi","url":"https:\/\/www.fattoriadeibarbi.it\/","logo":{"@type":"ImageObject","inLanguage":"default","@id":"https:\/\/www.fattoriadeibarbi.it\/#\/schema\/logo\/image\/","url":"https:\/\/www.fattoriadeibarbi.it\/wp-content\/uploads\/2015\/06\/logo_footer.png","contentUrl":"https:\/\/www.fattoriadeibarbi.it\/wp-content\/uploads\/2015\/06\/logo_footer.png","width":132,"height":103,"caption":"Fattoria dei Barbi"},"image":{"@id":"https:\/\/www.fattoriadeibarbi.it\/#\/schema\/logo\/image\/"},"sameAs":["https:\/\/www.facebook.com\/FattoriadeiBarbi","https:\/\/www.instagram.com\/fattoriadeibarbi\/","https:\/\/www.youtube.com\/channel\/UCRaGGbUwb094EoWyWvlez-Q"]}]}},"_links":{"self":[{"href":"https:\/\/www.fattoriadeibarbi.it\/en\/wp-json\/wp\/v2\/pages\/25274"}],"collection":[{"href":"https:\/\/www.fattoriadeibarbi.it\/en\/wp-json\/wp\/v2\/pages"}],"about":[{"href":"https:\/\/www.fattoriadeibarbi.it\/en\/wp-json\/wp\/v2\/types\/page"}],"author":[{"embeddable":true,"href":"https:\/\/www.fattoriadeibarbi.it\/en\/wp-json\/wp\/v2\/users\/1"}],"replies":[{"embeddable":true,"href":"https:\/\/www.fattoriadeibarbi.it\/en\/wp-json\/wp\/v2\/comments?post=25274"}],"version-history":[{"count":24,"href":"https:\/\/www.fattoriadeibarbi.it\/en\/wp-json\/wp\/v2\/pages\/25274\/revisions"}],"predecessor-version":[{"id":34273,"href":"https:\/\/www.fattoriadeibarbi.it\/en\/wp-json\/wp\/v2\/pages\/25274\/revisions\/34273"}],"wp:attachment":[{"href":"https:\/\/www.fattoriadeibarbi.it\/en\/wp-json\/wp\/v2\/media?parent=25274"}],"curies":[{"name":"wp","href":"https:\/\/api.w.org\/{rel}","templated":true}]}}