{"id":25587,"date":"2021-03-30T18:36:58","date_gmt":"2021-03-30T18:36:58","guid":{"rendered":"https:\/\/www.fattoriadeibarbi.it\/?page_id=25587"},"modified":"2025-01-09T10:59:49","modified_gmt":"2025-01-09T10:59:49","slug":"brunello-di-montalcino-riserva-docg-2015","status":"publish","type":"page","link":"https:\/\/www.fattoriadeibarbi.it\/en\/brunello-di-montalcino-riserva-docg-2015\/","title":{"rendered":"BRUNELLO DI MONTALCINO RISERVA DOCG | 2015"},"content":{"rendered":"<p>[vc_row][vc_column][vc_column_text]<\/p>\r\n<p>[\/vc_column_text][vc_separator][\/vc_column][\/vc_row][vc_row][vc_column][vc_column_text]<\/p>\r\n<p>\r\n\r\n[\/vc_column_text][\/vc_column][\/vc_row][vc_row][vc_column width=&#8221;1\/3&#8243;][vc_single_image image=&#8221;25601&#8243; img_size=&#8221;400&#215;611&#8243; alignment=&#8221;center&#8221; style=&#8221;vc_box_shadow_border&#8221; onclick=&#8221;custom_link&#8221; img_link_target=&#8221;_blank&#8221; link=&#8221;https:\/\/www.fattoriadeibarbi.it\/wp-content\/uploads\/2021\/03\/brunello-di-montalcino-riserva-docg-2015E_compressed.pdf&#8221;][vc_row_inner][vc_column_inner][vc_btn title=&#8221;BUY NOW Bottle size Magnum 1.5 Lt&#8221; color=&#8221;mulled-wine&#8221; size=&#8221;lg&#8221; align=&#8221;center&#8221; i_icon_fontawesome=&#8221;fas fa-cart-arrow-down&#8221; add_icon=&#8221;true&#8221; link=&#8221;url:https%3A%2F%2Fwww.fattoriadeibarbi.it%2Fen%2Fproducts%2Fbrunello-di-montalcino-docg-riserva-2015-fattoria-dei-barbi-1-5l%2F|target:_blank&#8221;][vc_column_text]<\/p>\r\n<hr \/>\r\n<p class=\"p2\" style=\"text-align: center;\"><strong>HARVEST<\/strong><\/p>\r\n<p class=\"p4\" style=\"text-align: center;\"><span class=\"s1\">\u2022 <a href=\"https:\/\/www.fattoriadeibarbi.it\/en\/brunello-di-montalcino-riserva-docg-2019\/\">2019<\/a> \u2022<\/span><\/p>\r\n<p class=\"p4\" style=\"text-align: center;\"><span class=\"s1\">\u2022 <a href=\"https:\/\/www.fattoriadeibarbi.it\/en\/brunello-di-montalcino-riserva-docg-2017\">2017<\/a> \u2022<\/span><\/p>\r\n<p class=\"p4\" style=\"text-align: center;\"><span class=\"s1\">\u2022 <a href=\"https:\/\/www.fattoriadeibarbi.it\/en\/brunello-di-montalcino-riserva-docg-2016\">2016<\/a> \u2022<\/span><\/p>\r\n<p class=\"p4\" style=\"text-align: center;\"><span class=\"s1\">\u2022 <a href=\"https:\/\/www.fattoriadeibarbi.it\/en\/brunello-di-montalcino-riserva-docg-2015\"><u>2015<\/u><\/a> \u2022<\/span><\/p>\r\n<p class=\"p4\" style=\"text-align: center;\"><span class=\"s1\">\u2022 <a href=\"https:\/\/www.fattoriadeibarbi.it\/en\/brunello-di-montalcino-riserva-docg-2013\">2013<\/a> \u2022<\/span><\/p>\r\n<p class=\"p4\" style=\"text-align: center;\"><span class=\"s1\">\u2022 <a href=\"https:\/\/www.fattoriadeibarbi.it\/en\/brunello-di-montalcino-riserva-docg-2012\">2012<\/a> \u2022<\/span><\/p>\r\n<p class=\"p4\" style=\"text-align: center;\"><span class=\"s1\">\u2022 <a href=\"https:\/\/www.fattoriadeibarbi.it\/en\/brunello-di-montalcino-riserva-docg-2011\">2011<\/a> \u2022<\/span><\/p>\r\n<p class=\"p4\" style=\"text-align: center;\"><span class=\"s1\">\u2022 <a href=\"https:\/\/www.fattoriadeibarbi.it\/en\/brunello-di-montalcino-riserva-docg-2010\">2010<\/a> \u2022<\/span><\/p>\r\n<p class=\"p4\" style=\"text-align: center;\"><span class=\"s1\">\u2022 <a href=\"https:\/\/www.fattoriadeibarbi.it\/en\/brunello-di-montalcino-riserva-docg-2006\">2006<\/a> \u2022<\/span><\/p>\r\n<p class=\"p4\" style=\"text-align: center;\"><span class=\"s1\">\u2022 <a href=\"https:\/\/www.fattoriadeibarbi.it\/en\/brunello-di-montalcino-riserva-docg-2003\">2003<\/a> \u2022<\/span><\/p>\r\n<hr \/>\r\n<p class=\"p2\" style=\"text-align: center;\"><a href=\"https:\/\/www.fattoriadeibarbi.it\/en\/awards\/\"><strong>AWARDS<\/strong><\/a><\/p>\r\n<hr \/>\r\n<p>[\/vc_column_text][\/vc_column_inner][\/vc_row_inner][\/vc_column][vc_column width=&#8221;2\/3&#8243;][vc_tta_tabs][vc_tta_section title=&#8221;DESCRIPTION&#8221; tab_id=&#8221;1612863150356-4838bb6a-97f9161549058132316154920251261615536197519&#8243;][vc_column_text]<\/p>\r\n<h3><em>Dry red wine, 100% Sangiovese grapes. This Riserva of Brunello is made with a special selection of grapes collected from our best vineyards in Montalcino. The ageing in barrel and in bottle is longer than the one for a regular Brunello, thus the wine has a deeper concentration and a wider complexity of aromas. <\/em><\/h3>\r\n<p><strong>Grapes <\/strong>Sangiovese 100%.<\/p>\r\n<p><strong>Vineyards <\/strong>Property of Fattoria dei Barbi, located in the district of Montalcino and registered for Brunello di Montalcino production.<em> Soil<\/em>: marl. <em>Altitude<\/em>: 400 mt slm. <em>Average age<\/em>: 20 years. <em>Orientation<\/em>: South East. <em>Vine Training System<\/em>: Cortina semplice. <em>Vine Stock per hectar<\/em>: 5.000. <em>Yeld per hectar<\/em>: 60 ql.<\/p>\r\n<p><strong>The Year 2015 <\/strong>The end of the Winter and beginning of Spring were marked by heavy rains, which premitted the storage of abundant water supply. A fluctuating climatic condition in April and May gave way to an higher than usual temperature from June until mid August, with very little rains. In the second half of August providential regular rains restored the ideal conditions for the vine\u2019s growth. In September, the temperatures kept mild during day light and fresh at night time. The regular and steady maturation of the grapes allowed a perfect balance between sugar and acidity.<br \/><em>The harvest took place from September 28th and October 7th.<\/em><\/p>\r\n<p><strong>Vinification <\/strong>Before the fermentation the grapes were subjected to a cold pre-fermentative maceration which consists in cooling the grapes at a temperature of 16\u00b0C in an environment protected by CO2. This process increases the extraction of polyphenols and aroma compounds. The regular alcoholic fermentation followed and lasted 16\/17 days at a controlled temperature of 27\u00b0-28\u00b0C. After the racking and the malolactic fermentation the wine aged in small-medium size oak barrels (2,25 \u2013 15 hl) for the first months. Later it completed the aging in larger oak barrels, for a total period of three years and then is bottled at least 6 months before the release.<\/p>\r\n<p><strong>Chemical Analysis <\/strong><em>Alcohol<\/em> 14.5% \u2013 <em>Tot. Ac.<\/em> 5.3 g\/l \u2013 <em>Vol. Ac.<\/em> 0.46 g\/l \u2013 <em>Residual sugars<\/em> &lt; 0.52 g\/l \u2013 <em>Dry Extract<\/em> 29.1 g\/l \u2013 pH 3.36.<\/p>\r\n<p><strong>Sensory Analysis\u00a0<\/strong><em>Colour<\/em>: intense ruby red with a touch of garnet at the edge. <em>Bouquet<\/em>: rich of dark fruits such as blackberry, blueberry and plum. Hints of licorice and raspberry jam, nuances of black pepper and cinnamon. <em>Taste<\/em>: ample, warm and complex. Great structure, meaty. The spiciness and the dark fruits reappear pleasantly. The lively acidity is integrated with tannins which are tamed but not subdued. A wine of identity.<\/p>\r\n<p><strong>Food Combinations <\/strong>Wine for important occasions, matches roast or braised meat, game and mature cheeses.<\/p>\r\n<p><strong>Serving Temperature <\/strong>Serve at a temperature of 18\u00b0C.<\/p>\r\n<p><strong>Capacity of ageing <\/strong>20-80 years.<\/p>\r\n<p><strong>Conservation and storage <\/strong>Keep the bottle horizontally in a dark place at a temperature of 12\u00b0-14\u00b0C.<\/p>\r\n<p>[\/vc_column_text][\/vc_tta_section][vc_tta_section title=&#8221;AWARDS&#8221; tab_id=&#8221;1612863150420-670b3b6b-b614161549058132316154920251261615536197519&#8243;][vc_column_text]<\/p>\r\n<p><img loading=\"lazy\" decoding=\"async\" class=\"alignleft size-full wp-image-28313\" src=\"https:\/\/www.fattoriadeibarbi.it\/wp-content\/uploads\/2022\/11\/DWWA2021Silver.jpg\" alt=\"\" width=\"150\" height=\"150\" \/><\/p>\r\n<p>[\/vc_column_text][vc_column_text]<\/p>\r\n<div style=\"width: 100% !important; float: left;\">\r\n<p><strong><span style=\"color: #808080;\">Issue: July 7, 2021<\/span><\/strong><br \/><strong><span style=\"color: #808080;\">Score:<\/span> <span style=\"color: #d01619; font-size: 24px;\">91<\/span><\/strong><\/p>\r\n<blockquote>\r\n<p>Elegant, refined, cedar wood, orange peel, prunes, leather, sweet tobacco nose. Full body, refined mineral palate with resolved tannins.<\/p>\r\n<p><a href=\"https:\/\/www.fattoriadeibarbi.it\/wp-content\/uploads\/2022\/11\/Shelftalker_DWWA21BRR15.pdf\" target=\"_blank\" rel=\"noopener\"><img loading=\"lazy\" decoding=\"async\" class=\"alignright wp-image-26918 size-full\" src=\"https:\/\/www.fattoriadeibarbi.it\/wp-content\/uploads\/2022\/02\/50pdf.png\" alt=\"\" width=\"50\" height=\"48\" \/><\/a><\/p>\r\n<\/blockquote>\r\n<\/div>\r\n<p>[\/vc_column_text][vc_empty_space][vc_column_text]<\/p>\r\n<p><img loading=\"lazy\" decoding=\"async\" class=\"alignleft size-full wp-image-29293\" src=\"https:\/\/www.fattoriadeibarbi.it\/wp-content\/uploads\/2023\/04\/jdunnuck287.png\" alt=\"\" width=\"287\" height=\"32\" \/><\/p>\r\n<p>[\/vc_column_text][vc_column_text]<\/p>\r\n<div style=\"width: 100% !important; float: left;\">\r\n<p><strong><span style=\"color: #808080;\">Issue: March 4, 2021<\/span><\/strong><br \/><strong><span style=\"color: #808080;\">Score:<\/span> <span style=\"color: #d01619; font-size: 24px;\">96<\/span><\/strong><\/p>\r\n<blockquote>\r\n<p>The 2015 Brunello Riserva is more assertive than the 2016 in its aromatics of licorice, dried black cherry, oregano, and sunbaked earth. Dried strawberry, sweet herbs, and tomato leaf have purity and concentration as well as a long finish. The tannins have a slightly more rounded feel in this warm vintage, though the wine maintains a classic sensibility. Drink 2022-2034.<\/p>\r\n<p><em>Jeb Dunnuck<\/em><\/p>\r\n<p><a href=\"https:\/\/www.fattoriadeibarbi.it\/wp-content\/uploads\/2023\/05\/Shelftalker_JbeDunnuckBRR2015.pdf\" target=\"_blank\" rel=\"noopener\"><img loading=\"lazy\" decoding=\"async\" class=\"alignright wp-image-26918 size-full\" src=\"https:\/\/www.fattoriadeibarbi.it\/wp-content\/uploads\/2022\/02\/50pdf.png\" alt=\"\" width=\"50\" height=\"48\" \/><\/a><\/p>\r\n<\/blockquote>\r\n<\/div>\r\n<p>[\/vc_column_text][vc_empty_space][vc_column_text]<\/p>\r\n<p><a class=\"dt-pswp-item\" href=\"https:\/\/www.fattoriadeibarbi.it\/wp-content\/uploads\/2023\/05\/weinplus300.jpg\" data-dt-img-description=\"\" data-large_image_width=\"300\" data-large_image_height=\"134\"><img loading=\"lazy\" decoding=\"async\" class=\"alignnone size-full wp-image-29939\" src=\"https:\/\/www.fattoriadeibarbi.it\/wp-content\/uploads\/2023\/05\/weinplus300.jpg\" alt=\"\" width=\"300\" height=\"134\" \/><\/a><\/p>\r\n<p>[\/vc_column_text][vc_column_text]<\/p>\r\n<div style=\"width: 100% !important; float: left;\">\r\n<p><strong><span style=\"color: #808080;\">Issue: May 4, 2021<\/span><\/strong><br \/><strong><span style=\"color: #808080;\">Score:<\/span> <span style=\"color: #d01619; font-size: 24px;\">91<\/span><\/strong><\/p>\r\n<blockquote>\r\n<div class=\"wine-review-txt\">\r\n<p>Leicht getrocknet-floraler und -kr\u00e4uteriger Duft nach gemischten Beeren und ein wenig Zwetschgen mit nussigen Aromen, angedeutet Pfeffer und einem Hauch Teer. Recht herbe, fest gewirkte Frucht mit gewissem S\u00e4urebiss und pr\u00e4senten, feinsandigen Tanninen, ein wenig gew\u00fcrzig und einen Hauch \u00e4therisch am Gaumen, Trockenkr\u00e4uternoten im Hintergrund, eine Spur S\u00fc\u00dfholz, wacholdrige Ankl\u00e4nge, nachhaltig, hat Kraft, rauchige bis speckige T\u00f6ne, auch recht deutliche Mineralik, sehr guter, herber, fester Abgang. <span class=\"role-title\">Trinkempfehlung: <b class=\"paywall_263893\"> 2023-2032+. <\/b><\/span><span class=\"role-title right\">Zuletzt bewertet: <b> 4. Mai 2021<\/b> <\/span><\/p>\r\n<\/div>\r\n<div class=\"wine-review-txt\"><em>\u00a0<\/em><\/div>\r\n<p><a href=\"https:\/\/www.fattoriadeibarbi.it\/wp-content\/uploads\/2023\/05\/Shelftalker_WPlusBRR2015.pdf\" target=\"_blank\" rel=\"noopener\"><img loading=\"lazy\" decoding=\"async\" class=\"alignright wp-image-26918 size-full\" src=\"https:\/\/www.fattoriadeibarbi.it\/wp-content\/uploads\/2022\/02\/50pdf.png\" alt=\"\" width=\"50\" height=\"48\" \/><\/a><\/p>\r\n<\/blockquote>\r\n<\/div>\r\n<p>[\/vc_column_text][\/vc_tta_section][\/vc_tta_tabs][vc_column_text el_class=&#8221;link_scheda_vini&#8221;]<\/p>\r\n<hr \/>\r\n<p class=\"p1\"><span class=\"s2\"><a href=\"https:\/\/www.fattoriadeibarbi.it\/wp-content\/uploads\/2019\/04\/Fattoria-dei-Barbi-Brunello-di-Montalcino-Riserva-DOCG_etichetta.jpg\">DOWNLOAD LABEL <\/a> | <a href=\"https:\/\/www.fattoriadeibarbi.it\/wp-content\/uploads\/2021\/03\/Fattoria-dei-Barbi-Brunello-di-Montalcino-Riserva-DOCG-2015_compressed-scaled.jpg\" target=\"_blank\" rel=\"noopener\">DOWNLOAD BOTTLE <\/a> | <a href=\"https:\/\/www.fattoriadeibarbi.it\/wp-content\/uploads\/2021\/03\/brunello-di-montalcino-riserva-docg-2015E_compressed.pdf\" target=\"_blank\" rel=\"noopener\">DOWNLOAD TECHNICAL SHEET<\/a> | <a href=\"https:\/\/www.fattoriadeibarbi.it\/en\/awards\/\">AWARDS<\/a><\/span><\/p>\r\n<hr \/>\r\n<p>[\/vc_column_text][\/vc_column][\/vc_row][vc_row][vc_column][vc_column_text]<\/p>\r\n<p>\r\n\r\n[\/vc_column_text][\/vc_column][\/vc_row][vc_row][vc_column][vc_column_text]<\/p>\r\n<p>[\/vc_column_text][\/vc_column][\/vc_row]<\/p>","protected":false},"excerpt":{"rendered":"<p>[vc_row][vc_column][vc_column_text] [\/vc_column_text][vc_separator][\/vc_column][\/vc_row][vc_row][vc_column][vc_column_text] [\/vc_column_text][\/vc_column][\/vc_row][vc_row][vc_column width=&#8221;1\/3&#8243;][vc_single_image image=&#8221;25601&#8243; img_size=&#8221;400&#215;611&#8243; alignment=&#8221;center&#8221; style=&#8221;vc_box_shadow_border&#8221; onclick=&#8221;custom_link&#8221; img_link_target=&#8221;_blank&#8221; link=&#8221;https:\/\/www.fattoriadeibarbi.it\/wp-content\/uploads\/2021\/03\/brunello-di-montalcino-riserva-docg-2015E_compressed.pdf&#8221;][vc_row_inner][vc_column_inner][vc_btn title=&#8221;BUY NOW Bottle size Magnum 1.5 Lt&#8221; color=&#8221;mulled-wine&#8221; size=&#8221;lg&#8221; align=&#8221;center&#8221; i_icon_fontawesome=&#8221;fas fa-cart-arrow-down&#8221; add_icon=&#8221;true&#8221; link=&#8221;url:https%3A%2F%2Fwww.fattoriadeibarbi.it%2Fen%2Fproducts%2Fbrunello-di-montalcino-docg-riserva-2015-fattoria-dei-barbi-1-5l%2F|target:_blank&#8221;][vc_column_text] HARVEST \u2022 2019 \u2022 \u2022 2017 \u2022 \u2022 2016 \u2022 \u2022 2015 \u2022 \u2022 2013 \u2022 \u2022 2012 \u2022 \u2022 2011 \u2022 \u2022 2010 \u2022 \u2022 2006 \u2022 \u2022 2003&hellip;<\/p>\n","protected":false},"author":1,"featured_media":0,"parent":0,"menu_order":0,"comment_status":"closed","ping_status":"closed","template":"","meta":{"footnotes":""},"yoast_head":"<!-- This site is optimized with the Yoast SEO plugin v22.8 - https:\/\/yoast.com\/wordpress\/plugins\/seo\/ -->\n<title>BRUNELLO DI MONTALCINO RISERVA DOCG | 2015 - Fattoria dei Barbi<\/title>\n<meta name=\"robots\" content=\"index, follow, max-snippet:-1, max-image-preview:large, max-video-preview:-1\" \/>\n<link rel=\"canonical\" href=\"https:\/\/www.fattoriadeibarbi.it\/en\/brunello-di-montalcino-riserva-docg-2015\/\" \/>\n<meta property=\"og:locale\" content=\"de_DE\" \/>\n<meta property=\"og:type\" content=\"article\" \/>\n<meta property=\"og:title\" content=\"BRUNELLO DI MONTALCINO RISERVA DOCG | 2015 - Fattoria dei Barbi\" \/>\n<meta property=\"og:description\" content=\"[vc_row][vc_column][vc_column_text] [\/vc_column_text][vc_separator][\/vc_column][\/vc_row][vc_row][vc_column][vc_column_text] [\/vc_column_text][\/vc_column][\/vc_row][vc_row][vc_column width=&#8221;1\/3&#8243;][vc_single_image image=&#8221;25601&#8243; img_size=&#8221;400&#215;611&#8243; alignment=&#8221;center&#8221; style=&#8221;vc_box_shadow_border&#8221; onclick=&#8221;custom_link&#8221; img_link_target=&#8221;_blank&#8221; link=&#8221;https:\/\/www.fattoriadeibarbi.it\/wp-content\/uploads\/2021\/03\/brunello-di-montalcino-riserva-docg-2015E_compressed.pdf&#8221;][vc_row_inner][vc_column_inner][vc_btn title=&#8221;BUY NOW Bottle size Magnum 1.5 Lt&#8221; color=&#8221;mulled-wine&#8221; size=&#8221;lg&#8221; align=&#8221;center&#8221; i_icon_fontawesome=&#8221;fas fa-cart-arrow-down&#8221; add_icon=&#8221;true&#8221; link=&#8221;url:https%3A%2F%2Fwww.fattoriadeibarbi.it%2Fen%2Fproducts%2Fbrunello-di-montalcino-docg-riserva-2015-fattoria-dei-barbi-1-5l%2F|target:_blank&#8221;][vc_column_text] HARVEST \u2022 2019 \u2022 \u2022 2017 \u2022 \u2022 2016 \u2022 \u2022 2015 \u2022 \u2022 2013 \u2022 \u2022 2012 \u2022 \u2022 2011 \u2022 \u2022 2010 \u2022 \u2022 2006 \u2022 \u2022 2003&hellip;\" \/>\n<meta property=\"og:url\" content=\"https:\/\/www.fattoriadeibarbi.it\/en\/brunello-di-montalcino-riserva-docg-2015\/\" \/>\n<meta property=\"og:site_name\" content=\"Fattoria dei Barbi\" \/>\n<meta property=\"article:publisher\" content=\"https:\/\/www.facebook.com\/FattoriadeiBarbi\" \/>\n<meta property=\"article:modified_time\" content=\"2025-01-09T10:59:49+00:00\" \/>\n<meta property=\"og:image\" content=\"https:\/\/www.fattoriadeibarbi.it\/wp-content\/uploads\/2022\/11\/DWWA2021Silver.jpg\" \/>\n<meta name=\"twitter:card\" content=\"summary_large_image\" \/>\n<meta name=\"twitter:label1\" content=\"Est. reading time\" \/>\n\t<meta name=\"twitter:data1\" content=\"4 minutes\" \/>\n<script type=\"application\/ld+json\" class=\"yoast-schema-graph\">{\"@context\":\"https:\/\/schema.org\",\"@graph\":[{\"@type\":\"WebPage\",\"@id\":\"https:\/\/www.fattoriadeibarbi.it\/en\/brunello-di-montalcino-riserva-docg-2015\/\",\"url\":\"https:\/\/www.fattoriadeibarbi.it\/en\/brunello-di-montalcino-riserva-docg-2015\/\",\"name\":\"BRUNELLO DI MONTALCINO RISERVA DOCG | 2015 - Fattoria dei Barbi\",\"isPartOf\":{\"@id\":\"https:\/\/www.fattoriadeibarbi.it\/#website\"},\"primaryImageOfPage\":{\"@id\":\"https:\/\/www.fattoriadeibarbi.it\/en\/brunello-di-montalcino-riserva-docg-2015\/#primaryimage\"},\"image\":{\"@id\":\"https:\/\/www.fattoriadeibarbi.it\/en\/brunello-di-montalcino-riserva-docg-2015\/#primaryimage\"},\"thumbnailUrl\":\"https:\/\/www.fattoriadeibarbi.it\/wp-content\/uploads\/2022\/11\/DWWA2021Silver.jpg\",\"datePublished\":\"2021-03-30T18:36:58+00:00\",\"dateModified\":\"2025-01-09T10:59:49+00:00\",\"breadcrumb\":{\"@id\":\"https:\/\/www.fattoriadeibarbi.it\/en\/brunello-di-montalcino-riserva-docg-2015\/#breadcrumb\"},\"inLanguage\":\"default\",\"potentialAction\":[{\"@type\":\"ReadAction\",\"target\":[\"https:\/\/www.fattoriadeibarbi.it\/en\/brunello-di-montalcino-riserva-docg-2015\/\"]}]},{\"@type\":\"ImageObject\",\"inLanguage\":\"default\",\"@id\":\"https:\/\/www.fattoriadeibarbi.it\/en\/brunello-di-montalcino-riserva-docg-2015\/#primaryimage\",\"url\":\"https:\/\/www.fattoriadeibarbi.it\/wp-content\/uploads\/2022\/11\/DWWA2021Silver.jpg\",\"contentUrl\":\"https:\/\/www.fattoriadeibarbi.it\/wp-content\/uploads\/2022\/11\/DWWA2021Silver.jpg\"},{\"@type\":\"BreadcrumbList\",\"@id\":\"https:\/\/www.fattoriadeibarbi.it\/en\/brunello-di-montalcino-riserva-docg-2015\/#breadcrumb\",\"itemListElement\":[{\"@type\":\"ListItem\",\"position\":1,\"name\":\"Home\",\"item\":\"https:\/\/www.fattoriadeibarbi.it\/en\/\"},{\"@type\":\"ListItem\",\"position\":2,\"name\":\"BRUNELLO DI MONTALCINO RISERVA DOCG | 2015\"}]},{\"@type\":\"WebSite\",\"@id\":\"https:\/\/www.fattoriadeibarbi.it\/#website\",\"url\":\"https:\/\/www.fattoriadeibarbi.it\/\",\"name\":\"Fattoria dei Barbi\",\"description\":\"Brunello di Montalcino\",\"publisher\":{\"@id\":\"https:\/\/www.fattoriadeibarbi.it\/#organization\"},\"potentialAction\":[{\"@type\":\"SearchAction\",\"target\":{\"@type\":\"EntryPoint\",\"urlTemplate\":\"https:\/\/www.fattoriadeibarbi.it\/?s={search_term_string}\"},\"query-input\":\"required name=search_term_string\"}],\"inLanguage\":\"default\"},{\"@type\":\"Organization\",\"@id\":\"https:\/\/www.fattoriadeibarbi.it\/#organization\",\"name\":\"Fattoria dei Barbi\",\"url\":\"https:\/\/www.fattoriadeibarbi.it\/\",\"logo\":{\"@type\":\"ImageObject\",\"inLanguage\":\"default\",\"@id\":\"https:\/\/www.fattoriadeibarbi.it\/#\/schema\/logo\/image\/\",\"url\":\"https:\/\/www.fattoriadeibarbi.it\/wp-content\/uploads\/2015\/06\/logo_footer.png\",\"contentUrl\":\"https:\/\/www.fattoriadeibarbi.it\/wp-content\/uploads\/2015\/06\/logo_footer.png\",\"width\":132,\"height\":103,\"caption\":\"Fattoria dei Barbi\"},\"image\":{\"@id\":\"https:\/\/www.fattoriadeibarbi.it\/#\/schema\/logo\/image\/\"},\"sameAs\":[\"https:\/\/www.facebook.com\/FattoriadeiBarbi\",\"https:\/\/www.instagram.com\/fattoriadeibarbi\/\",\"https:\/\/www.youtube.com\/channel\/UCRaGGbUwb094EoWyWvlez-Q\"]}]}<\/script>\n<!-- \/ Yoast SEO plugin. -->","yoast_head_json":{"title":"BRUNELLO DI MONTALCINO RISERVA DOCG | 2015 - Fattoria dei Barbi","robots":{"index":"index","follow":"follow","max-snippet":"max-snippet:-1","max-image-preview":"max-image-preview:large","max-video-preview":"max-video-preview:-1"},"canonical":"https:\/\/www.fattoriadeibarbi.it\/en\/brunello-di-montalcino-riserva-docg-2015\/","og_locale":"de_DE","og_type":"article","og_title":"BRUNELLO DI MONTALCINO RISERVA DOCG | 2015 - Fattoria dei Barbi","og_description":"[vc_row][vc_column][vc_column_text] [\/vc_column_text][vc_separator][\/vc_column][\/vc_row][vc_row][vc_column][vc_column_text] [\/vc_column_text][\/vc_column][\/vc_row][vc_row][vc_column width=&#8221;1\/3&#8243;][vc_single_image image=&#8221;25601&#8243; img_size=&#8221;400&#215;611&#8243; alignment=&#8221;center&#8221; style=&#8221;vc_box_shadow_border&#8221; onclick=&#8221;custom_link&#8221; img_link_target=&#8221;_blank&#8221; link=&#8221;https:\/\/www.fattoriadeibarbi.it\/wp-content\/uploads\/2021\/03\/brunello-di-montalcino-riserva-docg-2015E_compressed.pdf&#8221;][vc_row_inner][vc_column_inner][vc_btn title=&#8221;BUY NOW Bottle size Magnum 1.5 Lt&#8221; color=&#8221;mulled-wine&#8221; size=&#8221;lg&#8221; align=&#8221;center&#8221; i_icon_fontawesome=&#8221;fas fa-cart-arrow-down&#8221; add_icon=&#8221;true&#8221; link=&#8221;url:https%3A%2F%2Fwww.fattoriadeibarbi.it%2Fen%2Fproducts%2Fbrunello-di-montalcino-docg-riserva-2015-fattoria-dei-barbi-1-5l%2F|target:_blank&#8221;][vc_column_text] HARVEST \u2022 2019 \u2022 \u2022 2017 \u2022 \u2022 2016 \u2022 \u2022 2015 \u2022 \u2022 2013 \u2022 \u2022 2012 \u2022 \u2022 2011 \u2022 \u2022 2010 \u2022 \u2022 2006 \u2022 \u2022 2003&hellip;","og_url":"https:\/\/www.fattoriadeibarbi.it\/en\/brunello-di-montalcino-riserva-docg-2015\/","og_site_name":"Fattoria dei Barbi","article_publisher":"https:\/\/www.facebook.com\/FattoriadeiBarbi","article_modified_time":"2025-01-09T10:59:49+00:00","og_image":[{"url":"https:\/\/www.fattoriadeibarbi.it\/wp-content\/uploads\/2022\/11\/DWWA2021Silver.jpg"}],"twitter_card":"summary_large_image","twitter_misc":{"Est. reading time":"4 minutes"},"schema":{"@context":"https:\/\/schema.org","@graph":[{"@type":"WebPage","@id":"https:\/\/www.fattoriadeibarbi.it\/en\/brunello-di-montalcino-riserva-docg-2015\/","url":"https:\/\/www.fattoriadeibarbi.it\/en\/brunello-di-montalcino-riserva-docg-2015\/","name":"BRUNELLO DI MONTALCINO RISERVA DOCG | 2015 - Fattoria dei Barbi","isPartOf":{"@id":"https:\/\/www.fattoriadeibarbi.it\/#website"},"primaryImageOfPage":{"@id":"https:\/\/www.fattoriadeibarbi.it\/en\/brunello-di-montalcino-riserva-docg-2015\/#primaryimage"},"image":{"@id":"https:\/\/www.fattoriadeibarbi.it\/en\/brunello-di-montalcino-riserva-docg-2015\/#primaryimage"},"thumbnailUrl":"https:\/\/www.fattoriadeibarbi.it\/wp-content\/uploads\/2022\/11\/DWWA2021Silver.jpg","datePublished":"2021-03-30T18:36:58+00:00","dateModified":"2025-01-09T10:59:49+00:00","breadcrumb":{"@id":"https:\/\/www.fattoriadeibarbi.it\/en\/brunello-di-montalcino-riserva-docg-2015\/#breadcrumb"},"inLanguage":"default","potentialAction":[{"@type":"ReadAction","target":["https:\/\/www.fattoriadeibarbi.it\/en\/brunello-di-montalcino-riserva-docg-2015\/"]}]},{"@type":"ImageObject","inLanguage":"default","@id":"https:\/\/www.fattoriadeibarbi.it\/en\/brunello-di-montalcino-riserva-docg-2015\/#primaryimage","url":"https:\/\/www.fattoriadeibarbi.it\/wp-content\/uploads\/2022\/11\/DWWA2021Silver.jpg","contentUrl":"https:\/\/www.fattoriadeibarbi.it\/wp-content\/uploads\/2022\/11\/DWWA2021Silver.jpg"},{"@type":"BreadcrumbList","@id":"https:\/\/www.fattoriadeibarbi.it\/en\/brunello-di-montalcino-riserva-docg-2015\/#breadcrumb","itemListElement":[{"@type":"ListItem","position":1,"name":"Home","item":"https:\/\/www.fattoriadeibarbi.it\/en\/"},{"@type":"ListItem","position":2,"name":"BRUNELLO DI MONTALCINO RISERVA DOCG | 2015"}]},{"@type":"WebSite","@id":"https:\/\/www.fattoriadeibarbi.it\/#website","url":"https:\/\/www.fattoriadeibarbi.it\/","name":"Fattoria dei Barbi","description":"Brunello di Montalcino","publisher":{"@id":"https:\/\/www.fattoriadeibarbi.it\/#organization"},"potentialAction":[{"@type":"SearchAction","target":{"@type":"EntryPoint","urlTemplate":"https:\/\/www.fattoriadeibarbi.it\/?s={search_term_string}"},"query-input":"required name=search_term_string"}],"inLanguage":"default"},{"@type":"Organization","@id":"https:\/\/www.fattoriadeibarbi.it\/#organization","name":"Fattoria dei Barbi","url":"https:\/\/www.fattoriadeibarbi.it\/","logo":{"@type":"ImageObject","inLanguage":"default","@id":"https:\/\/www.fattoriadeibarbi.it\/#\/schema\/logo\/image\/","url":"https:\/\/www.fattoriadeibarbi.it\/wp-content\/uploads\/2015\/06\/logo_footer.png","contentUrl":"https:\/\/www.fattoriadeibarbi.it\/wp-content\/uploads\/2015\/06\/logo_footer.png","width":132,"height":103,"caption":"Fattoria dei Barbi"},"image":{"@id":"https:\/\/www.fattoriadeibarbi.it\/#\/schema\/logo\/image\/"},"sameAs":["https:\/\/www.facebook.com\/FattoriadeiBarbi","https:\/\/www.instagram.com\/fattoriadeibarbi\/","https:\/\/www.youtube.com\/channel\/UCRaGGbUwb094EoWyWvlez-Q"]}]}},"_links":{"self":[{"href":"https:\/\/www.fattoriadeibarbi.it\/en\/wp-json\/wp\/v2\/pages\/25587"}],"collection":[{"href":"https:\/\/www.fattoriadeibarbi.it\/en\/wp-json\/wp\/v2\/pages"}],"about":[{"href":"https:\/\/www.fattoriadeibarbi.it\/en\/wp-json\/wp\/v2\/types\/page"}],"author":[{"embeddable":true,"href":"https:\/\/www.fattoriadeibarbi.it\/en\/wp-json\/wp\/v2\/users\/1"}],"replies":[{"embeddable":true,"href":"https:\/\/www.fattoriadeibarbi.it\/en\/wp-json\/wp\/v2\/comments?post=25587"}],"version-history":[{"count":18,"href":"https:\/\/www.fattoriadeibarbi.it\/en\/wp-json\/wp\/v2\/pages\/25587\/revisions"}],"predecessor-version":[{"id":34389,"href":"https:\/\/www.fattoriadeibarbi.it\/en\/wp-json\/wp\/v2\/pages\/25587\/revisions\/34389"}],"wp:attachment":[{"href":"https:\/\/www.fattoriadeibarbi.it\/en\/wp-json\/wp\/v2\/media?parent=25587"}],"curies":[{"name":"wp","href":"https:\/\/api.w.org\/{rel}","templated":true}]}}